{"id":4054,"date":"2021-12-09T13:40:38","date_gmt":"2021-12-09T12:40:38","guid":{"rendered":"https:\/\/www.mobil-mark.de\/contact\/"},"modified":"2026-02-09T11:51:11","modified_gmt":"2026-02-09T10:51:11","slug":"contact","status":"publish","type":"page","link":"https:\/\/www.mobil-mark.de\/fr\/entreprise\/contact\/","title":{"rendered":"contacter"},"content":{"rendered":"<p>[et_pb_section fb_built=\u00a0\u00bb1&Prime; admin_label=\u00a0\u00bbFull-Width Contact Box\u00a0\u00bb module_id=\u00a0\u00bbcontact\u00a0\u00bb _builder_version=\u00a0\u00bb4.16&Prime; _module_preset=\u00a0\u00bba1f45f23-e2ce-493f-810f-6f77f9db1ac3&Prime; background_color=\u00a0\u00bb#003D6C\u00a0\u00bb use_background_color_gradient=\u00a0\u00bbon\u00a0\u00bb background_color_gradient_stops=\u00a0\u00bb#00355e 0%|#003d6c 100%\u00a0\u00bb background_color_gradient_start=\u00a0\u00bb#00355e\u00a0\u00bb background_color_gradient_end=\u00a0\u00bb#003d6c\u00a0\u00bb background_image=\u00a0\u00bbhttps:\/\/www.mobil-mark.de\/wp-content\/uploads\/2021\/07\/mesh@2x.png\u00a0\u00bb parallax=\u00a0\u00bbon\u00a0\u00bb custom_padding=\u00a0\u00bb3%||4%||false|false\u00a0\u00bb saved_tabs=\u00a0\u00bball\u00a0\u00bb global_colors_info=\u00a0\u00bb{}\u00a0\u00bb][et_pb_row column_structure=\u00a0\u00bb3_5,2_5&Prime; _builder_version=\u00a0\u00bb4.16&Prime; _module_preset=\u00a0\u00bbdefault\u00a0\u00bb global_colors_info=\u00a0\u00bb{}\u00a0\u00bb][et_pb_column type=\u00a0\u00bb3_5&Prime; _builder_version=\u00a0\u00bb4.16&Prime; _module_preset=\u00a0\u00bbdefault\u00a0\u00bb global_colors_info=\u00a0\u00bb{}\u00a0\u00bb][et_pb_text _builder_version=\u00a0\u00bb4.16&Prime; _module_preset=\u00a0\u00bbdefault\u00a0\u00bb text_text_color=\u00a0\u00bb#FFFFFF\u00a0\u00bb header_text_color=\u00a0\u00bb#FFFFFF\u00a0\u00bb header_2_text_color=\u00a0\u00bb#FFFFFF\u00a0\u00bb background_layout=\u00a0\u00bbdark\u00a0\u00bb max_width=\u00a0\u00bb90%\u00a0\u00bb max_width_tablet=\u00a0\u00bb100%\u00a0\u00bb max_width_phone=\u00a0\u00bb100%\u00a0\u00bb max_width_last_edited=\u00a0\u00bbon|tablet\u00a0\u00bb global_colors_info=\u00a0\u00bb{}\u00a0\u00bb]<\/p>\n<h1>contacter<\/h1>\n<p>Faites-nous part de vos questions, de vos souhaits ou de vos suggestions! Nous nous r\u00e9jouissons de votre appel, de votre mail ou de votre message via notre formulaire de contact.<\/p>\n<p>[\/et_pb_text][\/et_pb_column][et_pb_column type=\u00a0\u00bb2_5&Prime; _builder_version=\u00a0\u00bb4.16&Prime; _module_preset=\u00a0\u00bbdefault\u00a0\u00bb custom_padding=\u00a0\u00bb40px||40px||true|false\u00a0\u00bb global_colors_info=\u00a0\u00bb{}\u00a0\u00bb][et_pb_blurb title=\u00a0\u00bb+49 6894 890 95 0&Prime; url=\u00a0\u00bbtel:+496894890950&Prime; image=\u00a0\u00bbhttps:\/\/www.mobil-mark.de\/wp-content\/uploads\/2021\/07\/Telephone@2x.png\u00a0\u00bb admin_label=\u00a0\u00bbPhone\u00a0\u00bb _builder_version=\u00a0\u00bb4.20.2&Prime; _module_preset=\u00a0\u00bb80bd3ae8-c3d3-42f5-a3df-282bcd65d477&Prime; custom_css_blurb_image=\u00a0\u00bbpadding-top:4px;\u00a0\u00bb global_colors_info=\u00a0\u00bb{}\u00a0\u00bb][\/et_pb_blurb][et_pb_blurb title=\u00a0\u00bbkontakt@mobil-mark.de\u00a0\u00bb url=\u00a0\u00bbmailto:kontakt@mobil-mark.de\u00a0\u00bb image=\u00a0\u00bbhttps:\/\/www.mobil-mark.de\/wp-content\/uploads\/2021\/07\/Mail@2x.png\u00a0\u00bb alt=\u00a0\u00bbMail Icon\u00a0\u00bb admin_label=\u00a0\u00bbE-Mail\u00a0\u00bb _builder_version=\u00a0\u00bb4.16&Prime; _module_preset=\u00a0\u00bb80bd3ae8-c3d3-42f5-a3df-282bcd65d477&Prime; custom_css_blurb_image=\u00a0\u00bbpadding-top:7px;\u00a0\u00bb global_colors_info=\u00a0\u00bb{}\u00a0\u00bb][\/et_pb_blurb][\/et_pb_column][\/et_pb_row][et_pb_row _builder_version=\u00a0\u00bb4.16&Prime; _module_preset=\u00a0\u00bbdefault\u00a0\u00bb global_colors_info=\u00a0\u00bb{}\u00a0\u00bb][et_pb_column type=\u00a0\u00bb4_4&Prime; _builder_version=\u00a0\u00bb4.16&Prime; _module_preset=\u00a0\u00bb68c10d68-05eb-4e5f-abaa-03b9782553d3&Prime; global_colors_info=\u00a0\u00bb{}\u00a0\u00bb][dsm_contact_form_7 _builder_version=\u00a0\u00bb4.16&Prime; _module_preset=\u00a0\u00bb593ec2d9-de36-4db3-9fc4-c8bc5e0f3c9a\u00a0\u00bb locked=\u00a0\u00bboff\u00a0\u00bb global_colors_info=\u00a0\u00bb{}\u00a0\u00bb][\/dsm_contact_form_7][\/et_pb_column][\/et_pb_row][\/et_pb_section][et_pb_section fb_built=\u00a0\u00bb1&Prime; module_id=\u00a0\u00bbMat\u00e9riaux\u00a0\u00bb _builder_version=\u00a0\u00bb4.16&Prime; _module_preset=\u00a0\u00bb_initial\u00a0\u00bb global_colors_info=\u00a0\u00bb{}\u00a0\u00bb][et_pb_row column_structure=\u00a0\u00bb2_5,3_5&Prime; _builder_version=\u00a0\u00bb4.16&Prime; _module_preset=\u00a0\u00bbdefault\u00a0\u00bb global_colors_info=\u00a0\u00bb{}\u00a0\u00bb][et_pb_column type=\u00a0\u00bb2_5&Prime; _builder_version=\u00a0\u00bb4.16&Prime; _module_preset=\u00a0\u00bbdefault\u00a0\u00bb global_colors_info=\u00a0\u00bb{}\u00a0\u00bb][et_pb_text admin_label=\u00a0\u00bbHeadline 50%\u00a0\u00bb _builder_version=\u00a0\u00bb4.16&Prime; _module_preset=\u00a0\u00bbd1e96b24-a539-473a-bfaa-45aa34fbd293&Prime; global_colors_info=\u00a0\u00bb{}\u00a0\u00bb]<\/p>\n<h2>Mobil-Mark GmbH<\/h2>\n<p>[\/et_pb_text][et_pb_text admin_label=\u00a0\u00bbText\u00a0\u00bb _builder_version=\u00a0\u00bb4.20.2&Prime; _module_preset=\u00a0\u00bbb912ceaa-d132-4093-ad58-e5cbb87da27a\u00a0\u00bb global_colors_info=\u00a0\u00bb{}\u00a0\u00bb]<\/p>\n<p>Sophie-Kr\u00e4mer-Stra\u00dfe 2<br \/>66386 St. Ingbert<\/p>\n<p>+49 6894 890 95 0<br \/>+49 6894 890 95 99 Fax<br \/>+49 6894 890 95 90 Service<\/p>\n<p>E-Mail: <a href=\"mailto:kontakt@mobil-mark.de\" title=\"E-Mail schreiben\">kontakt@mobil-mark.de<\/a><br \/>Web: <a href=\"https:\/\/www.mobil-mark.de\" title=\"Website besuchen\">www.mobil-mark.de<\/a><\/p>\n<p>Pour obtenir une assistance technique, veuillez contacter<br \/><a href=\"mailto:service@mobil-mark.de\" title=\"E-Mail schreiben\">service@mobil-mark.de<\/a><\/p>\n<p>Directeur g\u00e9n\u00e9ral: Marco Busse<\/p>\n<p>[\/et_pb_text][\/et_pb_column][et_pb_column type=\u00a0\u00bb3_5&Prime; _builder_version=\u00a0\u00bb4.16&Prime; _module_preset=\u00a0\u00bbdefault\u00a0\u00bb global_colors_info=\u00a0\u00bb{}\u00a0\u00bb][et_pb_code _builder_version=\u00a0\u00bb4.20.2&Prime; _module_preset=\u00a0\u00bbdefault\u00a0\u00bb global_colors_info=\u00a0\u00bb{}\u00a0\u00bb]<iframe loading=\"lazy\" style=\"border: 0;\" src=\"https:\/\/www.google.com\/maps\/embed?pb=!1m18!1m12!1m3!1d501.48838014232905!2d7.1073674519946035!3d49.27810408016537!2m3!1f0!2f0!3f0!3m2!1i1024!2i768!4f13.1!3m3!1m2!1s0x4795c8301343a4c3%3A0xc881333722433165!2sSophie-Kr%C3%A4mer-Stra%C3%9Fe%202%2C%2066386%20St.%20Ingbert!5e0!3m2!1sde!2sde!4v1761292042083!5m2!1sde!2sde%22\" width=\"100%\" height=\"500\" frameborder=\"0\"><\/iframe>[\/et_pb_code][\/et_pb_column][\/et_pb_row][\/et_pb_section]<\/p>\n","protected":false},"excerpt":{"rendered":"<p>contacter Faites-nous part de vos questions, de vos souhaits ou de vos suggestions! Nous nous r\u00e9jouissons de votre appel, de votre mail ou de votre message via notre formulaire de contact.<div class=\"et_pb_with_border et_pb_module dsm_contact_form_7 dsm_contact_form_7_0\">\n\t\t\t\t\n\t\t\t\t\n\t\t\t\t\n\t\t\t\t\n\t\t\t\t\n\t\t\t\t\n\t\t\t\t<div class=\"et_pb_module_inner\">\n\t\t\t\t\t<div class=\"\">\n\t\t\t\t\n<div class=\"wpcf7 no-js\" id=\"wpcf7-f4951-o1\" lang=\"fr-FR\" dir=\"ltr\" data-wpcf7-id=\"4951\">\n<div class=\"screen-reader-response\"><p role=\"status\" aria-live=\"polite\" aria-atomic=\"true\"><\/p> <ul><\/ul><\/div>\n<form action=\"\/fr\/wp-json\/wp\/v2\/pages\/4054#wpcf7-f4951-o1\" method=\"post\" class=\"wpcf7-form init\" aria-label=\"Formulaire de contact\" novalidate=\"novalidate\" data-status=\"init\">\n<fieldset class=\"hidden-fields-container\"><input type=\"hidden\" name=\"_wpcf7\" value=\"4951\" \/><input type=\"hidden\" name=\"_wpcf7_version\" value=\"6.1.5\" \/><input type=\"hidden\" name=\"_wpcf7_locale\" value=\"fr_FR\" \/><input type=\"hidden\" name=\"_wpcf7_unit_tag\" value=\"wpcf7-f4951-o1\" \/><input type=\"hidden\" name=\"_wpcf7_container_post\" value=\"0\" \/><input type=\"hidden\" name=\"_wpcf7_posted_data_hash\" value=\"\" \/>\n<\/fieldset>\n<div class=\"form-row form-row--full-width\">\n\t<p><label for=\"salutation\">Titre de civilit\u00e9<\/label><span class=\"wpcf7-form-control-wrap\" data-name=\"salutation\"><span class=\"wpcf7-form-control wpcf7-radio\"><span class=\"wpcf7-list-item first\"><input type=\"radio\" name=\"salutation\" value=\"Mme\" \/><span class=\"wpcf7-list-item-label\">Mme<\/span><\/span><span class=\"wpcf7-list-item last\"><input type=\"radio\" name=\"salutation\" value=\"Monsieur\" \/><span class=\"wpcf7-list-item-label\">Monsieur<\/span><\/span><\/span><\/span>\n\t<\/p>\n<\/div>\n<div class=\"form-row form-row--floating\">\n\t<p><label for=\"firstname\" class=\"form-row--hiddenlabel\">Pr\u00e9nom<\/label><span class=\"wpcf7-form-control-wrap\" data-name=\"firstname\"><input size=\"40\" maxlength=\"400\" class=\"wpcf7-form-control wpcf7-text wpcf7-validates-as-required\" aria-required=\"true\" aria-invalid=\"false\" value=\"Pr\u00e9nom*\" type=\"text\" name=\"firstname\" \/><\/span>\n\t<\/p>\n<\/div>\n<div class=\"form-row form-row--floating\">\n\t<p><label for=\"lastname\" class=\"form-row--hiddenlabel\">Nom de famille<\/label><span class=\"wpcf7-form-control-wrap\" data-name=\"lastname\"><input size=\"40\" maxlength=\"400\" class=\"wpcf7-form-control wpcf7-text wpcf7-validates-as-required\" aria-required=\"true\" aria-invalid=\"false\" value=\"Nom de famille*\" type=\"text\" name=\"lastname\" \/><\/span>\n\t<\/p>\n<\/div>\n<div class=\"form-row form-row--floating\">\n\t<p><label for=\"email\" class=\"form-row--hiddenlabel\">E-Mail<\/label><span class=\"wpcf7-form-control-wrap\" data-name=\"email\"><input size=\"40\" maxlength=\"400\" class=\"wpcf7-form-control wpcf7-email wpcf7-validates-as-required wpcf7-text wpcf7-validates-as-email\" aria-required=\"true\" aria-invalid=\"false\" value=\"E-Mail*\" type=\"email\" name=\"email\" \/><\/span>\n\t<\/p>\n<\/div>\n<div class=\"form-row form-row--floating\">\n\t<p><label for=\"phone\" class=\"form-row--hiddenlabel\">T\u00e9l\u00e9phone<\/label><span class=\"wpcf7-form-control-wrap\" data-name=\"phone\"><input size=\"40\" maxlength=\"400\" class=\"wpcf7-form-control wpcf7-tel wpcf7-validates-as-required wpcf7-text wpcf7-validates-as-tel\" aria-required=\"true\" aria-invalid=\"false\" value=\"T\u00e9l\u00e9phone*\" type=\"tel\" name=\"phone\" \/><\/span>\n\t<\/p>\n<\/div>\n<div class=\"form-row form-row--floating\">\n\t<p><label for=\"company\" class=\"form-row--hiddenlabel\">Entreprise<\/label><span class=\"wpcf7-form-control-wrap\" data-name=\"company\"><input size=\"40\" maxlength=\"400\" class=\"wpcf7-form-control wpcf7-text\" aria-invalid=\"false\" value=\"Entreprise\" type=\"text\" name=\"company\" \/><\/span>\n\t<\/p>\n<\/div>\n<div class=\"form-row form-row--floating\">\n\t<p><label for=\"position\" class=\"form-row--hiddenlabel\">Position<\/label><span class=\"wpcf7-form-control-wrap\" data-name=\"position\"><input size=\"40\" maxlength=\"400\" class=\"wpcf7-form-control wpcf7-text\" aria-invalid=\"false\" value=\"Position\" type=\"text\" name=\"position\" \/><\/span>\n\t<\/p>\n<\/div>\n<div class=\"form-row form-row--full-width\">\n\t<p><label>Votre demande<\/label><span class=\"wpcf7-form-control-wrap dsm-contact-form-7-select subject\"><select class=\"wpcf7-form-control wpcf7-select wpcf7-validates-as-required et_pb_contact_select input\" id=\"contactform__concern-select\" aria-required=\"true\" aria-invalid=\"false\" name=\"subject\"><option value=\"\">---<\/option><option value=\"Demander une offre\">Demander une offre<\/option><option value=\"Faire marquer des \u00e9chantillons de produits\">Faire marquer des \u00e9chantillons de produits<\/option><option value=\"Se faire conseiller sur la bonne classe de performance\">Se faire conseiller sur la bonne classe de performance<\/option><option value=\"Obtenir des conseils personnalis\u00e9s\">Obtenir des conseils personnalis\u00e9s<\/option><option value=\"Demander une solution sp\u00e9ciale\">Demander une solution sp\u00e9ciale<\/option><option value=\"Demander des accessoires\">Demander des accessoires<\/option><option value=\"Prendre rendez-vous pour l&#039;entretien\">Prendre rendez-vous pour l&#039;entretien<\/option><option value=\"Fixer une date de formation\">Fixer une date de formation<\/option><option value=\"Sonstiges\">Sonstiges<\/option><\/select><\/span>\n\t<\/p>\n<\/div>\n<div id=\"contactform__enquiry-accessoires-wrapper\" class=\"form-row form-row--full-width\" style=\"display: none;\">\n\t<p><span class=\"wpcf7-form-control-wrap\" data-name=\"enquiry-accessoires\"><input size=\"40\" maxlength=\"400\" class=\"wpcf7-form-control wpcf7-text\" id=\"contactform__enquiry-accessoires-text\" aria-invalid=\"false\" value=\"Accessoires demand\u00e9s\" type=\"text\" name=\"enquiry-accessoires\" \/><\/span>\n\t<\/p>\n<\/div>\n<div class=\"form-row form-row--full-width\">\n\t<p><label for=\"message\" class=\"form-row--hiddenlabel\">Votre message<\/label><span class=\"wpcf7-form-control-wrap\" data-name=\"message\"><textarea cols=\"40\" rows=\"10\" maxlength=\"2000\" class=\"wpcf7-form-control wpcf7-textarea\" aria-invalid=\"false\" name=\"message\">Votre message<\/textarea><\/span>\n\t<\/p>\n<\/div>\n<p><span id=\"wpcf7-6a05fe5d8e76f-wrapper\" class=\"wpcf7-form-control-wrap honeypot-771-wrap\" style=\"display:none !important; visibility:hidden !important;\"><label for=\"wpcf7-6a05fe5d8e76f-field\" class=\"hp-message\">Veuillez laisser ce champ vide.<\/label><input id=\"wpcf7-6a05fe5d8e76f-field\"  class=\"wpcf7-form-control wpcf7-text\" type=\"text\" name=\"honeypot-771\" value=\"\" size=\"40\" tabindex=\"-1\" autocomplete=\"new-password\" \/><\/span>\n<\/p>\n<div class=\"form-row form-row--full-width small-text\">\n\t<p>En envoyant ce formulaire, vous acceptez notre <a href=\"\/datenschutz\/\">politique de confidentialit\u00e9<\/a>.\n\t<\/p>\n<\/div>\n<p><script>document.addEventListener( 'DOMContentLoaded', _ => { const concernSelect = document.getElementById(\"contactform__concern-select\"); const paramName = \"accessoires\"; const selectValueName = \"Demander des accessoires\"; let urlParams = new URLSearchParams(window.location.search); if(concernSelect){ const enquiryWrapper = document.getElementById(\"contactform__enquiry-accessoires-wrapper\"); const enquiryTextfield = document.getElementById(\"contactform__enquiry-accessoires-text\"); concernSelect.addEventListener(\"change\", function (){ if(this.value !== selectValueName) { if(enquiryWrapper){enquiryWrapper.style.display = 'none';} if(enquiryTextfield){enquiryTextfield.value = \"n\/a\";} }else { if(enquiryWrapper){enquiryWrapper.style.display = 'block';} if(enquiryTextfield){enquiryTextfield.value = \"\";} } }); if(urlParams.has(paramName)){ if(enquiryWrapper){enquiryWrapper.style.display = 'block';} if(enquiryTextfield){enquiryTextfield.value = urlParams.get(paramName);} concernSelect.value = selectValueName; } } });<\/script>\n<\/p>\n<div class=\"form-row form-row--full-width\">\n\t<p><button class=\"wpcf7-form-control wpcf7-submit has-spinner et_pb_button et_pb_bg_layout_light\" type=\"submit\" value=\"Senden\">Senden<\/button>\n\t<\/p>\n<\/div><div class=\"frc-captcha \" data-sitekey=\"FCMQ71P0VNBUEP4R\" data-lang=\"en\" data-puzzle-endpoint=\"https:\/\/eu-api.friendlycaptcha.eu\/api\/v1\/puzzle,https:\/\/api.friendlycaptcha.com\/api\/v1\/puzzle\"><\/div>\n\t\t<noscript>You need to enable Javascript for the anti-spam check.<\/noscript><div class=\"wpcf7-response-output\" aria-hidden=\"true\"><\/div>\n<\/form>\n<\/div>\n\n\t\t\t<\/div>\n\t\t\t\t<\/div>\n\t\t\t<\/div>Mobil-Mark GmbHSophie-Kr\u00e4mer-Stra\u00dfe 266386 St. Ingbert +49 6894 890 95 0+49 6894 890 95 99 Fax+49 6894 890 95 90 Service E-Mail: [&hellip;]<\/p>\n","protected":false},"author":3,"featured_media":0,"parent":4166,"menu_order":0,"comment_status":"closed","ping_status":"closed","template":"","meta":{"_et_pb_use_builder":"on","_et_pb_old_content":"","_et_gb_content_width":"","footnotes":""},"class_list":["post-4054","page","type-page","status-publish","hentry"],"yoast_head":"<!-- This site is optimized with the Yoast SEO plugin v27.5 - https:\/\/yoast.com\/product\/yoast-seo-wordpress\/ -->\n<title>contacter &#8212; Mobil-Mark<\/title>\n<meta name=\"robots\" content=\"index, follow, max-snippet:-1, max-image-preview:large, max-video-preview:-1\" \/>\n<link rel=\"canonical\" href=\"https:\/\/www.mobil-mark.de\/fr\/entreprise\/contact\/\" \/>\n<meta property=\"og:locale\" content=\"fr_FR\" \/>\n<meta property=\"og:type\" content=\"article\" \/>\n<meta property=\"og:title\" content=\"contacter &#8212; Mobil-Mark\" \/>\n<meta property=\"og:description\" content=\"contacter Faites-nous part de vos questions, de vos souhaits ou de vos suggestions! Nous nous r\u00e9jouissons de votre appel, de votre mail ou de votre message via notre formulaire de contact.Mobil-Mark GmbHSophie-Kr\u00e4mer-Stra\u00dfe 266386 St. Ingbert +49 6894 890 95 0+49 6894 890 95 99 Fax+49 6894 890 95 90 Service E-Mail: [&hellip;]\" \/>\n<meta property=\"og:url\" content=\"https:\/\/www.mobil-mark.de\/fr\/entreprise\/contact\/\" \/>\n<meta property=\"og:site_name\" content=\"Mobil-Mark\" \/>\n<meta property=\"article:modified_time\" content=\"2026-02-09T10:51:11+00:00\" \/>\n<meta name=\"twitter:card\" content=\"summary_large_image\" \/>\n<meta name=\"twitter:label1\" content=\"Dur\u00e9e de lecture estim\u00e9e\" \/>\n\t<meta name=\"twitter:data1\" content=\"3 minutes\" \/>\n<script type=\"application\/ld+json\" class=\"yoast-schema-graph\">{\"@context\":\"https:\\\/\\\/schema.org\",\"@graph\":[{\"@type\":\"WebPage\",\"@id\":\"https:\\\/\\\/www.mobil-mark.de\\\/fr\\\/entreprise\\\/contact\\\/\",\"url\":\"https:\\\/\\\/www.mobil-mark.de\\\/fr\\\/entreprise\\\/contact\\\/\",\"name\":\"contacter &#8212; Mobil-Mark\",\"isPartOf\":{\"@id\":\"https:\\\/\\\/www.mobil-mark.de\\\/fr\\\/#website\"},\"datePublished\":\"2021-12-09T12:40:38+00:00\",\"dateModified\":\"2026-02-09T10:51:11+00:00\",\"breadcrumb\":{\"@id\":\"https:\\\/\\\/www.mobil-mark.de\\\/fr\\\/entreprise\\\/contact\\\/#breadcrumb\"},\"inLanguage\":\"fr-FR\",\"potentialAction\":[{\"@type\":\"ReadAction\",\"target\":[\"https:\\\/\\\/www.mobil-mark.de\\\/fr\\\/entreprise\\\/contact\\\/\"]}]},{\"@type\":\"BreadcrumbList\",\"@id\":\"https:\\\/\\\/www.mobil-mark.de\\\/fr\\\/entreprise\\\/contact\\\/#breadcrumb\",\"itemListElement\":[{\"@type\":\"ListItem\",\"position\":1,\"name\":\"Startseite\",\"item\":\"https:\\\/\\\/www.mobil-mark.de\\\/fr\\\/\"},{\"@type\":\"ListItem\",\"position\":2,\"name\":\"Entreprise\",\"item\":\"https:\\\/\\\/www.mobil-mark.de\\\/fr\\\/entreprise\\\/\"},{\"@type\":\"ListItem\",\"position\":3,\"name\":\"contacter\"}]},{\"@type\":\"WebSite\",\"@id\":\"https:\\\/\\\/www.mobil-mark.de\\\/fr\\\/#website\",\"url\":\"https:\\\/\\\/www.mobil-mark.de\\\/fr\\\/\",\"name\":\"Mobil-Mark\",\"description\":\"\",\"publisher\":{\"@id\":\"https:\\\/\\\/www.mobil-mark.de\\\/fr\\\/#organization\"},\"potentialAction\":[{\"@type\":\"SearchAction\",\"target\":{\"@type\":\"EntryPoint\",\"urlTemplate\":\"https:\\\/\\\/www.mobil-mark.de\\\/fr\\\/?s={search_term_string}\"},\"query-input\":{\"@type\":\"PropertyValueSpecification\",\"valueRequired\":true,\"valueName\":\"search_term_string\"}}],\"inLanguage\":\"fr-FR\"},{\"@type\":\"Organization\",\"@id\":\"https:\\\/\\\/www.mobil-mark.de\\\/fr\\\/#organization\",\"name\":\"Mobil-Mark\",\"url\":\"https:\\\/\\\/www.mobil-mark.de\\\/fr\\\/\",\"logo\":{\"@type\":\"ImageObject\",\"inLanguage\":\"fr-FR\",\"@id\":\"https:\\\/\\\/www.mobil-mark.de\\\/fr\\\/#\\\/schema\\\/logo\\\/image\\\/\",\"url\":\"https:\\\/\\\/www.mobil-mark.de\\\/wp-content\\\/uploads\\\/2021\\\/09\\\/cropped-favicon-mobil-mark.png\",\"contentUrl\":\"https:\\\/\\\/www.mobil-mark.de\\\/wp-content\\\/uploads\\\/2021\\\/09\\\/cropped-favicon-mobil-mark.png\",\"width\":512,\"height\":512,\"caption\":\"Mobil-Mark\"},\"image\":{\"@id\":\"https:\\\/\\\/www.mobil-mark.de\\\/fr\\\/#\\\/schema\\\/logo\\\/image\\\/\"}}]}<\/script>\n<!-- \/ Yoast SEO plugin. -->","yoast_head_json":{"title":"contacter &#8212; Mobil-Mark","robots":{"index":"index","follow":"follow","max-snippet":"max-snippet:-1","max-image-preview":"max-image-preview:large","max-video-preview":"max-video-preview:-1"},"canonical":"https:\/\/www.mobil-mark.de\/fr\/entreprise\/contact\/","og_locale":"fr_FR","og_type":"article","og_title":"contacter &#8212; Mobil-Mark","og_description":"contacter Faites-nous part de vos questions, de vos souhaits ou de vos suggestions! Nous nous r\u00e9jouissons de votre appel, de votre mail ou de votre message via notre formulaire de contact.Mobil-Mark GmbHSophie-Kr\u00e4mer-Stra\u00dfe 266386 St. Ingbert +49 6894 890 95 0+49 6894 890 95 99 Fax+49 6894 890 95 90 Service E-Mail: [&hellip;]","og_url":"https:\/\/www.mobil-mark.de\/fr\/entreprise\/contact\/","og_site_name":"Mobil-Mark","article_modified_time":"2026-02-09T10:51:11+00:00","twitter_card":"summary_large_image","twitter_misc":{"Dur\u00e9e de lecture estim\u00e9e":"3 minutes"},"schema":{"@context":"https:\/\/schema.org","@graph":[{"@type":"WebPage","@id":"https:\/\/www.mobil-mark.de\/fr\/entreprise\/contact\/","url":"https:\/\/www.mobil-mark.de\/fr\/entreprise\/contact\/","name":"contacter &#8212; Mobil-Mark","isPartOf":{"@id":"https:\/\/www.mobil-mark.de\/fr\/#website"},"datePublished":"2021-12-09T12:40:38+00:00","dateModified":"2026-02-09T10:51:11+00:00","breadcrumb":{"@id":"https:\/\/www.mobil-mark.de\/fr\/entreprise\/contact\/#breadcrumb"},"inLanguage":"fr-FR","potentialAction":[{"@type":"ReadAction","target":["https:\/\/www.mobil-mark.de\/fr\/entreprise\/contact\/"]}]},{"@type":"BreadcrumbList","@id":"https:\/\/www.mobil-mark.de\/fr\/entreprise\/contact\/#breadcrumb","itemListElement":[{"@type":"ListItem","position":1,"name":"Startseite","item":"https:\/\/www.mobil-mark.de\/fr\/"},{"@type":"ListItem","position":2,"name":"Entreprise","item":"https:\/\/www.mobil-mark.de\/fr\/entreprise\/"},{"@type":"ListItem","position":3,"name":"contacter"}]},{"@type":"WebSite","@id":"https:\/\/www.mobil-mark.de\/fr\/#website","url":"https:\/\/www.mobil-mark.de\/fr\/","name":"Mobil-Mark","description":"","publisher":{"@id":"https:\/\/www.mobil-mark.de\/fr\/#organization"},"potentialAction":[{"@type":"SearchAction","target":{"@type":"EntryPoint","urlTemplate":"https:\/\/www.mobil-mark.de\/fr\/?s={search_term_string}"},"query-input":{"@type":"PropertyValueSpecification","valueRequired":true,"valueName":"search_term_string"}}],"inLanguage":"fr-FR"},{"@type":"Organization","@id":"https:\/\/www.mobil-mark.de\/fr\/#organization","name":"Mobil-Mark","url":"https:\/\/www.mobil-mark.de\/fr\/","logo":{"@type":"ImageObject","inLanguage":"fr-FR","@id":"https:\/\/www.mobil-mark.de\/fr\/#\/schema\/logo\/image\/","url":"https:\/\/www.mobil-mark.de\/wp-content\/uploads\/2021\/09\/cropped-favicon-mobil-mark.png","contentUrl":"https:\/\/www.mobil-mark.de\/wp-content\/uploads\/2021\/09\/cropped-favicon-mobil-mark.png","width":512,"height":512,"caption":"Mobil-Mark"},"image":{"@id":"https:\/\/www.mobil-mark.de\/fr\/#\/schema\/logo\/image\/"}}]}},"_links":{"self":[{"href":"https:\/\/www.mobil-mark.de\/fr\/wp-json\/wp\/v2\/pages\/4054","targetHints":{"allow":["GET"]}}],"collection":[{"href":"https:\/\/www.mobil-mark.de\/fr\/wp-json\/wp\/v2\/pages"}],"about":[{"href":"https:\/\/www.mobil-mark.de\/fr\/wp-json\/wp\/v2\/types\/page"}],"author":[{"embeddable":true,"href":"https:\/\/www.mobil-mark.de\/fr\/wp-json\/wp\/v2\/users\/3"}],"replies":[{"embeddable":true,"href":"https:\/\/www.mobil-mark.de\/fr\/wp-json\/wp\/v2\/comments?post=4054"}],"version-history":[{"count":20,"href":"https:\/\/www.mobil-mark.de\/fr\/wp-json\/wp\/v2\/pages\/4054\/revisions"}],"predecessor-version":[{"id":8251,"href":"https:\/\/www.mobil-mark.de\/fr\/wp-json\/wp\/v2\/pages\/4054\/revisions\/8251"}],"up":[{"embeddable":true,"href":"https:\/\/www.mobil-mark.de\/fr\/wp-json\/wp\/v2\/pages\/4166"}],"wp:attachment":[{"href":"https:\/\/www.mobil-mark.de\/fr\/wp-json\/wp\/v2\/media?parent=4054"}],"curies":[{"name":"wp","href":"https:\/\/api.w.org\/{rel}","templated":true}]}}