{"id":4058,"date":"2021-12-09T13:40:40","date_gmt":"2021-12-09T12:40:40","guid":{"rendered":"https:\/\/www.mobil-mark.de\/dispositifs-dobturation\/"},"modified":"2023-12-21T14:53:31","modified_gmt":"2023-12-21T13:53:31","slug":"dispositifs-dobturation","status":"publish","type":"page","link":"https:\/\/www.mobil-mark.de\/fr\/dispositifs-dobturation\/","title":{"rendered":"Unit\u00e9s d&rsquo;\u00e9tanch\u00e9it\u00e9"},"content":{"rendered":"<p>[et_pb_section fb_built=\u00a0\u00bb1&Prime; fullwidth=\u00a0\u00bbon\u00a0\u00bb admin_label=\u00a0\u00bbVideo Slider\u00a0\u00bb _builder_version=\u00a0\u00bb4.16&Prime; _module_preset=\u00a0\u00bbdefault\u00a0\u00bb background_color=\u00a0\u00bb#FFFFFF\u00a0\u00bb background_enable_image=\u00a0\u00bboff\u00a0\u00bb module_alignment=\u00a0\u00bbleft\u00a0\u00bb global_colors_info=\u00a0\u00bb{}\u00a0\u00bb][et_pb_fullwidth_slider _builder_version=\u00a0\u00bb4.16&Prime; _module_preset=\u00a0\u00bbfaf5b4f6-5234-4f49-bb13-3eb79cb47745&Prime; global_colors_info=\u00a0\u00bb{}\u00a0\u00bb][et_pb_slide heading=\u00a0\u00bbDispositifs d&apos;obturation en tant que protection laser\u00a0\u00bb _builder_version=\u00a0\u00bb4.16&Prime; _module_preset=\u00a0\u00bb9fdafdd2-bca5-4e36-ad31-46d0ad6222bb\u00a0\u00bb background_image=\u00a0\u00bbhttps:\/\/www.mobil-mark.de\/wp-content\/uploads\/2021\/10\/abdichteinheiten-imageslider-3840&#215;920-1-scaled.jpg\u00a0\u00bb global_colors_info=\u00a0\u00bb{}\u00a0\u00bb sticky_transition=\u00a0\u00bbon\u00a0\u00bb]<\/p>\n<p><span>pour toute g\u00e9om\u00e9trie de surface<\/span><\/p>\n<p>[\/et_pb_slide][\/et_pb_fullwidth_slider][\/et_pb_section][et_pb_section fb_built=\u00a0\u00bb1&Prime; admin_label=\u00a0\u00bbIntroduction (2\/3 Text 1\/3 Box)\u00a0\u00bb _builder_version=\u00a0\u00bb4.16&Prime; _module_preset=\u00a0\u00bb2aa77f26-48e2-4f2e-8256-e6a09189bfc3&Prime; global_colors_info=\u00a0\u00bb{}\u00a0\u00bb][et_pb_row _builder_version=\u00a0\u00bb4.16&Prime; _module_preset=\u00a0\u00bbb0afad4d-b615-45c6-9319-da340ffc5605&Prime; global_colors_info=\u00a0\u00bb{}\u00a0\u00bb][et_pb_column type=\u00a0\u00bb4_4&Prime; _builder_version=\u00a0\u00bb4.16&Prime; custom_padding=\u00a0\u00bb|||\u00a0\u00bb global_colors_info=\u00a0\u00bb{}\u00a0\u00bb custom_padding__hover=\u00a0\u00bb|||\u00a0\u00bb][et_pb_text admin_label=\u00a0\u00bbIntroduction\u00a0\u00bb _builder_version=\u00a0\u00bb4.16&Prime; _module_preset=\u00a0\u00bbd1e96b24-a539-473a-bfaa-45aa34fbd293&Prime; global_colors_info=\u00a0\u00bb{}\u00a0\u00bb]<\/p>\n<h2><span>Enfermement \u00e9tanche \u00e0 la lumi\u00e8re et \u00e0 l&rsquo;air de la zone de gravure<br \/><\/span><\/h2>\n<p>[\/et_pb_text][et_pb_text admin_label=\u00a0\u00bbIntroduction\u00a0\u00bb _builder_version=\u00a0\u00bb4.16&Prime; _module_preset=\u00a0\u00bbb912ceaa-d132-4093-ad58-e5cbb87da27a\u00a0\u00bb global_colors_info=\u00a0\u00bb{}\u00a0\u00bb]<\/p>\n<p>Les machines de gravure laser Quasar et Nova-f de Mobilmark en <strong>Classe de protection laser 1<\/strong>, les <strong>Unit\u00e9s d&rsquo;\u00e9tanch\u00e9it\u00e9 uniques sur la t\u00eate du laser<\/strong>. Ils entourent la zone de gravure de mani\u00e8re \u00e9tanche \u00e0 la lumi\u00e8re et \u00e0 l&rsquo;air avec une l\u00e8vre en <strong>caoutchouc<\/strong> flexible. Ils garantissent ainsi de mani\u00e8re s\u00fbre et fiable que <strong>aucun rayonnement laser ne peut s&rsquo;\u00e9chapper<\/strong>.<\/p>\n<p>Pour que <strong>Les surfaces de n&rsquo;importe quelle g\u00e9om\u00e9trie<\/strong> peuvent \u00eatre marqu\u00e9es ou \u00e9tiquet\u00e9es au laser, <strong>Mobil-Mark propose<\/strong> une unit\u00e9 d&rsquo;\u00e9tanch\u00e9it\u00e9 adapt\u00e9e \u00e0 chaque forme. Il est ainsi possible de graver non seulement des surfaces enti\u00e8rement planes et lisses, mais aussi des <strong>concave, convexe ou sph\u00e9rique<\/strong>. M\u00eame <strong>Les objets non plans<\/strong> peuvent \u00eatre d\u00e9coup\u00e9s au laser &#8211; gr\u00e2ce \u00e0 la l\u00e8vre en caoutchouc qui s&rsquo;adapte \u00e0 la surface. Pour le marquage de diff\u00e9rentes g\u00e9om\u00e9tries de surface, les unit\u00e9s d&rsquo;\u00e9tanch\u00e9it\u00e9 peuvent \u00eatre <strong>Changer rapidement et facilement en un seul geste<\/strong>. Zudem sind sie dank ihres durchdachten Designs sehr <strong>robust und langlebig<\/strong>.<\/p>\n<p>En plus d&rsquo;un grand nombre <strong>d&rsquo;unit\u00e9s d&rsquo;\u00e9tanch\u00e9it\u00e9<\/strong> standard <strong>disponibles<\/strong>, Mobil-Mark propose \u00e9galement des formes sp\u00e9ciales qui peuvent \u00eatre fabriqu\u00e9es sur <strong>mesure en fonction des besoins de la pi\u00e8ce \u00e0 traiter.<\/strong><\/p>\n<p>[\/et_pb_text][et_pb_button button_url=\u00a0\u00bb@ET-DC@eyJkeW5hbWljIjp0cnVlLCJjb250ZW50IjoicG9zdF9saW5rX3VybF9wYWdlIiwic2V0dGluZ3MiOnsicG9zdF9pZCI6IjE1OSJ9fQ==@\u00a0\u00bb button_text=\u00a0\u00bbFaites-vous conseiller maintenant\u00a0\u00bb _builder_version=\u00a0\u00bb4.16&Prime; _dynamic_attributes=\u00a0\u00bbbutton_url\u00a0\u00bb _module_preset=\u00a0\u00bba46419da-3052-496b-b33c-2c2cea962ca5&Prime; global_colors_info=\u00a0\u00bb{}\u00a0\u00bb][\/et_pb_button][\/et_pb_column][\/et_pb_row][\/et_pb_section][et_pb_section fb_built=\u00a0\u00bb1&Prime; admin_label=\u00a0\u00bbImage Gallery Section\u00a0\u00bb _builder_version=\u00a0\u00bb4.16&Prime; _module_preset=\u00a0\u00bb_initial\u00a0\u00bb global_colors_info=\u00a0\u00bb{}\u00a0\u00bb][et_pb_row _builder_version=\u00a0\u00bb4.16&Prime; _module_preset=\u00a0\u00bbdefault\u00a0\u00bb global_colors_info=\u00a0\u00bb{}\u00a0\u00bb][et_pb_column type=\u00a0\u00bb4_4&Prime; _builder_version=\u00a0\u00bb4.16&Prime; _module_preset=\u00a0\u00bbdefault\u00a0\u00bb global_colors_info=\u00a0\u00bb{}\u00a0\u00bb][et_pb_text admin_label=\u00a0\u00bbHeadline 50%\u00a0\u00bb _builder_version=\u00a0\u00bb4.16&Prime; _module_preset=\u00a0\u00bbd1e96b24-a539-473a-bfaa-45aa34fbd293&Prime; global_colors_info=\u00a0\u00bb{}\u00a0\u00bb]<\/p>\n<h2>Innombrables possibilit\u00e9s d&rsquo;inscription<\/h2>\n<p>[\/et_pb_text][et_pb_text admin_label=\u00a0\u00bbText\u00a0\u00bb _builder_version=\u00a0\u00bb4.16&Prime; _module_preset=\u00a0\u00bbb912ceaa-d132-4093-ad58-e5cbb87da27a\u00a0\u00bb global_colors_info=\u00a0\u00bb{}\u00a0\u00bb]<\/p>\n<p>Des surfaces planes aux surfaces rondes, des petites aux grandes zones de marquage : Les unit\u00e9s d&rsquo;\u00e9tanch\u00e9it\u00e9 de Mobil-Mark sont adapt\u00e9es individuellement de mani\u00e8re \u00e0 pouvoir marquer n&rsquo;importe quelle surface. Et le mieux, c&rsquo;est qu&rsquo;il suffit d&rsquo;une poign\u00e9e pour les fixer \u00e0 la t\u00eate du laser ou les changer. Ainsi, vous pouvez par exemple marquer des tuyaux ou des coins de mani\u00e8re souveraine, propre et pr\u00e9cise.<\/p>\n<p>Vous avez besoin d&rsquo;un champ d&rsquo;inscription plus grand? &#8211; Kein Problem : Wir entwickeln <strong>angepasste Abdichteinheiten f\u00fcr Ihre Sonderanforderung<\/strong>. D\u00e9couvrez ici une s\u00e9lection d&rsquo;applications typiques!<\/p>\n<p>[\/et_pb_text][\/et_pb_column][\/et_pb_row][et_pb_row use_custom_gutter=\u00a0\u00bbon\u00a0\u00bb gutter_width=\u00a0\u00bb2&Prime; _builder_version=\u00a0\u00bb4.16&Prime; _module_preset=\u00a0\u00bbdefault\u00a0\u00bb global_colors_info=\u00a0\u00bb{}\u00a0\u00bb][et_pb_column type=\u00a0\u00bb4_4&Prime; _builder_version=\u00a0\u00bb4.16&Prime; _module_preset=\u00a0\u00bbdefault\u00a0\u00bb global_colors_info=\u00a0\u00bb{}\u00a0\u00bb][et_pb_gallery gallery_ids=\u00a0\u00bb3633,3635,3637,3641,3639,3643,3851,3853,3849,4850,4853&Prime; posts_number=\u00a0\u00bb11&Prime; admin_label=\u00a0\u00bbImage Gallery 3 col\u00a0\u00bb _builder_version=\u00a0\u00bb4.16&Prime; _module_preset=\u00a0\u00bba5011a66-d4fb-4bc7-acf5-0c030ce6de78&Prime; global_colors_info=\u00a0\u00bb{}\u00a0\u00bb][\/et_pb_gallery][\/et_pb_column][\/et_pb_row][\/et_pb_section][et_pb_section fb_built=\u00a0\u00bb1&Prime; admin_label=\u00a0\u00bbFull-Width Contact Box\u00a0\u00bb module_id=\u00a0\u00bbcontact\u00a0\u00bb _builder_version=\u00a0\u00bb4.16&Prime; _module_preset=\u00a0\u00bba1f45f23-e2ce-493f-810f-6f77f9db1ac3&Prime; background_color=\u00a0\u00bb#003D6C\u00a0\u00bb use_background_color_gradient=\u00a0\u00bbon\u00a0\u00bb background_color_gradient_stops=\u00a0\u00bb#00355e 0%|#003d6c 100%\u00a0\u00bb background_color_gradient_start=\u00a0\u00bb#00355e\u00a0\u00bb background_color_gradient_end=\u00a0\u00bb#003d6c\u00a0\u00bb background_image=\u00a0\u00bbhttps:\/\/www.mobil-mark.de\/wp-content\/uploads\/2021\/07\/mesh@2x.png\u00a0\u00bb parallax=\u00a0\u00bbon\u00a0\u00bb custom_padding=\u00a0\u00bb3%||4%||false|false\u00a0\u00bb saved_tabs=\u00a0\u00bball\u00a0\u00bb global_colors_info=\u00a0\u00bb{}\u00a0\u00bb][et_pb_row column_structure=\u00a0\u00bb3_5,2_5&Prime; _builder_version=\u00a0\u00bb4.16&Prime; _module_preset=\u00a0\u00bbdefault\u00a0\u00bb global_colors_info=\u00a0\u00bb{}\u00a0\u00bb][et_pb_column type=\u00a0\u00bb3_5&Prime; _builder_version=\u00a0\u00bb4.16&Prime; _module_preset=\u00a0\u00bbdefault\u00a0\u00bb global_colors_info=\u00a0\u00bb{}\u00a0\u00bb][et_pb_text _builder_version=\u00a0\u00bb4.16&Prime; _module_preset=\u00a0\u00bbdefault\u00a0\u00bb text_text_color=\u00a0\u00bb#FFFFFF\u00a0\u00bb header_text_color=\u00a0\u00bb#FFFFFF\u00a0\u00bb header_2_text_color=\u00a0\u00bb#FFFFFF\u00a0\u00bb background_layout=\u00a0\u00bbdark\u00a0\u00bb max_width=\u00a0\u00bb85%\u00a0\u00bb max_width_tablet=\u00a0\u00bb100%\u00a0\u00bb max_width_phone=\u00a0\u00bb100%\u00a0\u00bb max_width_last_edited=\u00a0\u00bbon|tablet\u00a0\u00bb global_colors_info=\u00a0\u00bb{}\u00a0\u00bb]<\/p>\n<h2>Demander une unit\u00e9 d&rsquo;\u00e9tanch\u00e9it\u00e9 maintenant!<\/h2>\n<p>Vous avez des questions, des souhaits ou des suggestions concernant les unit\u00e9s d&rsquo;\u00e9tanch\u00e9it\u00e9 ? Nous nous r\u00e9jouissons de votre appel, de votre mail ou de votre message via notre formulaire de contact.<\/p>\n<p>[\/et_pb_text][et_pb_button button_url=\u00a0\u00bbhttps:\/\/www.mobil-mark.de\/fr\/entreprise\/contact\/?accessoires=Abdichteinheiten\u00a0\u00bb button_text=\u00a0\u00bbDemander notre dispositif d&apos;obturation\u00a0\u00bb module_class=\u00a0\u00bbbutton-primary\u00a0\u00bb _builder_version=\u00a0\u00bb4.16&Prime; _module_preset=\u00a0\u00bb441d0f55-1e44-42cf-a794-626ffabacda0&Prime; mix_blend_mode=\u00a0\u00bblighten\u00a0\u00bb global_colors_info=\u00a0\u00bb{}\u00a0\u00bb][\/et_pb_button][\/et_pb_column][et_pb_column type=\u00a0\u00bb2_5&Prime; _builder_version=\u00a0\u00bb4.16&Prime; _module_preset=\u00a0\u00bbdefault\u00a0\u00bb custom_padding=\u00a0\u00bb40px||40px||true|false\u00a0\u00bb global_colors_info=\u00a0\u00bb{}\u00a0\u00bb][et_pb_blurb title=\u00a0\u00bb+49 731-40 700 601&Prime; url=\u00a0\u00bbtel:+4973140700601&Prime; image=\u00a0\u00bbhttps:\/\/www.mobil-mark.de\/wp-content\/uploads\/2021\/07\/Telephone@2x.png\u00a0\u00bb admin_label=\u00a0\u00bbPhone\u00a0\u00bb _builder_version=\u00a0\u00bb4.16&Prime; _module_preset=\u00a0\u00bb80bd3ae8-c3d3-42f5-a3df-282bcd65d477&Prime; custom_css_blurb_image=\u00a0\u00bbpadding-top:4px;\u00a0\u00bb global_colors_info=\u00a0\u00bb{}\u00a0\u00bb][\/et_pb_blurb][et_pb_blurb title=\u00a0\u00bbkontakt@mobil-mark.de\u00a0\u00bb url=\u00a0\u00bbmailto:kontakt@mobil-mark.de\u00a0\u00bb image=\u00a0\u00bbhttps:\/\/www.mobil-mark.de\/wp-content\/uploads\/2021\/07\/Mail@2x.png\u00a0\u00bb alt=\u00a0\u00bbMail Icon\u00a0\u00bb admin_label=\u00a0\u00bbE-Mail\u00a0\u00bb _builder_version=\u00a0\u00bb4.16&Prime; _module_preset=\u00a0\u00bb80bd3ae8-c3d3-42f5-a3df-282bcd65d477&Prime; custom_css_blurb_image=\u00a0\u00bbpadding-top:7px;\u00a0\u00bb global_colors_info=\u00a0\u00bb{}\u00a0\u00bb][\/et_pb_blurb][\/et_pb_column][\/et_pb_row][\/et_pb_section]<\/p>\n","protected":false},"excerpt":{"rendered":"<p>pour toute g\u00e9om\u00e9trie de surfaceEnfermement \u00e9tanche \u00e0 la lumi\u00e8re et \u00e0 l&rsquo;air de la zone de gravureLes machines de gravure laser Quasar et Nova-f de Mobilmark en Classe de protection laser 1, les Unit\u00e9s d&rsquo;\u00e9tanch\u00e9it\u00e9 uniques sur la t\u00eate du laser. Ils entourent la zone de gravure de mani\u00e8re \u00e9tanche \u00e0 la lumi\u00e8re et \u00e0 [&hellip;]<\/p>\n","protected":false},"author":3,"featured_media":0,"parent":0,"menu_order":0,"comment_status":"closed","ping_status":"closed","template":"","meta":{"_et_pb_use_builder":"on","_et_pb_old_content":"","_et_gb_content_width":"","footnotes":""},"class_list":["post-4058","page","type-page","status-publish","hentry"],"yoast_head":"<!-- This site is optimized with the Yoast SEO plugin v27.4 - https:\/\/yoast.com\/product\/yoast-seo-wordpress\/ -->\n<title>Unit\u00e9s d&#039;\u00e9tanch\u00e9it\u00e9 pour machines \u00e0 graver au laser \u2738 Mobil-Mark<\/title>\n<meta name=\"description\" content=\"Unit\u00e9s d&#039;\u00e9tanch\u00e9it\u00e9 comme protection laser pour chaque surface \u2713 Enfermement \u00e9tanche \u00e0 la lumi\u00e8re et \u00e0 l&#039;air de la zone de gravure pour prot\u00e9ger votre laser Mobil-Mark \u2738\" \/>\n<meta name=\"robots\" content=\"index, follow, max-snippet:-1, max-image-preview:large, max-video-preview:-1\" \/>\n<link rel=\"canonical\" href=\"https:\/\/www.mobil-mark.de\/fr\/dispositifs-dobturation\/\" \/>\n<meta property=\"og:locale\" content=\"fr_FR\" \/>\n<meta property=\"og:type\" content=\"article\" \/>\n<meta property=\"og:title\" content=\"Unit\u00e9s d&#039;\u00e9tanch\u00e9it\u00e9 pour machines \u00e0 graver au laser \u2738 Mobil-Mark\" \/>\n<meta property=\"og:description\" content=\"Unit\u00e9s d&#039;\u00e9tanch\u00e9it\u00e9 comme protection laser pour chaque surface \u2713 Enfermement \u00e9tanche \u00e0 la lumi\u00e8re et \u00e0 l&#039;air de la zone de gravure pour prot\u00e9ger votre laser Mobil-Mark \u2738\" \/>\n<meta property=\"og:url\" content=\"https:\/\/www.mobil-mark.de\/fr\/dispositifs-dobturation\/\" \/>\n<meta property=\"og:site_name\" content=\"Mobil-Mark\" \/>\n<meta property=\"article:modified_time\" content=\"2023-12-21T13:53:31+00:00\" \/>\n<meta name=\"twitter:card\" content=\"summary_large_image\" \/>\n<meta name=\"twitter:label1\" content=\"Dur\u00e9e de lecture estim\u00e9e\" \/>\n\t<meta name=\"twitter:data1\" content=\"6 minutes\" \/>\n<script type=\"application\/ld+json\" class=\"yoast-schema-graph\">{\"@context\":\"https:\\\/\\\/schema.org\",\"@graph\":[{\"@type\":\"WebPage\",\"@id\":\"https:\\\/\\\/www.mobil-mark.de\\\/fr\\\/dispositifs-dobturation\\\/\",\"url\":\"https:\\\/\\\/www.mobil-mark.de\\\/fr\\\/dispositifs-dobturation\\\/\",\"name\":\"Unit\u00e9s d'\u00e9tanch\u00e9it\u00e9 pour machines \u00e0 graver au laser \u2738 Mobil-Mark\",\"isPartOf\":{\"@id\":\"https:\\\/\\\/www.mobil-mark.de\\\/fr\\\/#website\"},\"datePublished\":\"2021-12-09T12:40:40+00:00\",\"dateModified\":\"2023-12-21T13:53:31+00:00\",\"description\":\"Unit\u00e9s d'\u00e9tanch\u00e9it\u00e9 comme protection laser pour chaque surface \u2713 Enfermement \u00e9tanche \u00e0 la lumi\u00e8re et \u00e0 l'air de la zone de gravure pour prot\u00e9ger votre laser Mobil-Mark \u2738\",\"breadcrumb\":{\"@id\":\"https:\\\/\\\/www.mobil-mark.de\\\/fr\\\/dispositifs-dobturation\\\/#breadcrumb\"},\"inLanguage\":\"fr-FR\",\"potentialAction\":[{\"@type\":\"ReadAction\",\"target\":[\"https:\\\/\\\/www.mobil-mark.de\\\/fr\\\/dispositifs-dobturation\\\/\"]}]},{\"@type\":\"BreadcrumbList\",\"@id\":\"https:\\\/\\\/www.mobil-mark.de\\\/fr\\\/dispositifs-dobturation\\\/#breadcrumb\",\"itemListElement\":[{\"@type\":\"ListItem\",\"position\":1,\"name\":\"Startseite\",\"item\":\"https:\\\/\\\/www.mobil-mark.de\\\/fr\\\/\"},{\"@type\":\"ListItem\",\"position\":2,\"name\":\"Unit\u00e9s d&rsquo;\u00e9tanch\u00e9it\u00e9\"}]},{\"@type\":\"WebSite\",\"@id\":\"https:\\\/\\\/www.mobil-mark.de\\\/fr\\\/#website\",\"url\":\"https:\\\/\\\/www.mobil-mark.de\\\/fr\\\/\",\"name\":\"Mobil-Mark\",\"description\":\"\",\"publisher\":{\"@id\":\"https:\\\/\\\/www.mobil-mark.de\\\/fr\\\/#organization\"},\"potentialAction\":[{\"@type\":\"SearchAction\",\"target\":{\"@type\":\"EntryPoint\",\"urlTemplate\":\"https:\\\/\\\/www.mobil-mark.de\\\/fr\\\/?s={search_term_string}\"},\"query-input\":{\"@type\":\"PropertyValueSpecification\",\"valueRequired\":true,\"valueName\":\"search_term_string\"}}],\"inLanguage\":\"fr-FR\"},{\"@type\":\"Organization\",\"@id\":\"https:\\\/\\\/www.mobil-mark.de\\\/fr\\\/#organization\",\"name\":\"Mobil-Mark\",\"url\":\"https:\\\/\\\/www.mobil-mark.de\\\/fr\\\/\",\"logo\":{\"@type\":\"ImageObject\",\"inLanguage\":\"fr-FR\",\"@id\":\"https:\\\/\\\/www.mobil-mark.de\\\/fr\\\/#\\\/schema\\\/logo\\\/image\\\/\",\"url\":\"https:\\\/\\\/www.mobil-mark.de\\\/wp-content\\\/uploads\\\/2021\\\/09\\\/cropped-favicon-mobil-mark.png\",\"contentUrl\":\"https:\\\/\\\/www.mobil-mark.de\\\/wp-content\\\/uploads\\\/2021\\\/09\\\/cropped-favicon-mobil-mark.png\",\"width\":512,\"height\":512,\"caption\":\"Mobil-Mark\"},\"image\":{\"@id\":\"https:\\\/\\\/www.mobil-mark.de\\\/fr\\\/#\\\/schema\\\/logo\\\/image\\\/\"}}]}<\/script>\n<!-- \/ Yoast SEO plugin. -->","yoast_head_json":{"title":"Unit\u00e9s d'\u00e9tanch\u00e9it\u00e9 pour machines \u00e0 graver au laser \u2738 Mobil-Mark","description":"Unit\u00e9s d'\u00e9tanch\u00e9it\u00e9 comme protection laser pour chaque surface \u2713 Enfermement \u00e9tanche \u00e0 la lumi\u00e8re et \u00e0 l'air de la zone de gravure pour prot\u00e9ger votre laser Mobil-Mark \u2738","robots":{"index":"index","follow":"follow","max-snippet":"max-snippet:-1","max-image-preview":"max-image-preview:large","max-video-preview":"max-video-preview:-1"},"canonical":"https:\/\/www.mobil-mark.de\/fr\/dispositifs-dobturation\/","og_locale":"fr_FR","og_type":"article","og_title":"Unit\u00e9s d'\u00e9tanch\u00e9it\u00e9 pour machines \u00e0 graver au laser \u2738 Mobil-Mark","og_description":"Unit\u00e9s d'\u00e9tanch\u00e9it\u00e9 comme protection laser pour chaque surface \u2713 Enfermement \u00e9tanche \u00e0 la lumi\u00e8re et \u00e0 l'air de la zone de gravure pour prot\u00e9ger votre laser Mobil-Mark \u2738","og_url":"https:\/\/www.mobil-mark.de\/fr\/dispositifs-dobturation\/","og_site_name":"Mobil-Mark","article_modified_time":"2023-12-21T13:53:31+00:00","twitter_card":"summary_large_image","twitter_misc":{"Dur\u00e9e de lecture estim\u00e9e":"6 minutes"},"schema":{"@context":"https:\/\/schema.org","@graph":[{"@type":"WebPage","@id":"https:\/\/www.mobil-mark.de\/fr\/dispositifs-dobturation\/","url":"https:\/\/www.mobil-mark.de\/fr\/dispositifs-dobturation\/","name":"Unit\u00e9s d'\u00e9tanch\u00e9it\u00e9 pour machines \u00e0 graver au laser \u2738 Mobil-Mark","isPartOf":{"@id":"https:\/\/www.mobil-mark.de\/fr\/#website"},"datePublished":"2021-12-09T12:40:40+00:00","dateModified":"2023-12-21T13:53:31+00:00","description":"Unit\u00e9s d'\u00e9tanch\u00e9it\u00e9 comme protection laser pour chaque surface \u2713 Enfermement \u00e9tanche \u00e0 la lumi\u00e8re et \u00e0 l'air de la zone de gravure pour prot\u00e9ger votre laser Mobil-Mark \u2738","breadcrumb":{"@id":"https:\/\/www.mobil-mark.de\/fr\/dispositifs-dobturation\/#breadcrumb"},"inLanguage":"fr-FR","potentialAction":[{"@type":"ReadAction","target":["https:\/\/www.mobil-mark.de\/fr\/dispositifs-dobturation\/"]}]},{"@type":"BreadcrumbList","@id":"https:\/\/www.mobil-mark.de\/fr\/dispositifs-dobturation\/#breadcrumb","itemListElement":[{"@type":"ListItem","position":1,"name":"Startseite","item":"https:\/\/www.mobil-mark.de\/fr\/"},{"@type":"ListItem","position":2,"name":"Unit\u00e9s d&rsquo;\u00e9tanch\u00e9it\u00e9"}]},{"@type":"WebSite","@id":"https:\/\/www.mobil-mark.de\/fr\/#website","url":"https:\/\/www.mobil-mark.de\/fr\/","name":"Mobil-Mark","description":"","publisher":{"@id":"https:\/\/www.mobil-mark.de\/fr\/#organization"},"potentialAction":[{"@type":"SearchAction","target":{"@type":"EntryPoint","urlTemplate":"https:\/\/www.mobil-mark.de\/fr\/?s={search_term_string}"},"query-input":{"@type":"PropertyValueSpecification","valueRequired":true,"valueName":"search_term_string"}}],"inLanguage":"fr-FR"},{"@type":"Organization","@id":"https:\/\/www.mobil-mark.de\/fr\/#organization","name":"Mobil-Mark","url":"https:\/\/www.mobil-mark.de\/fr\/","logo":{"@type":"ImageObject","inLanguage":"fr-FR","@id":"https:\/\/www.mobil-mark.de\/fr\/#\/schema\/logo\/image\/","url":"https:\/\/www.mobil-mark.de\/wp-content\/uploads\/2021\/09\/cropped-favicon-mobil-mark.png","contentUrl":"https:\/\/www.mobil-mark.de\/wp-content\/uploads\/2021\/09\/cropped-favicon-mobil-mark.png","width":512,"height":512,"caption":"Mobil-Mark"},"image":{"@id":"https:\/\/www.mobil-mark.de\/fr\/#\/schema\/logo\/image\/"}}]}},"_links":{"self":[{"href":"https:\/\/www.mobil-mark.de\/fr\/wp-json\/wp\/v2\/pages\/4058","targetHints":{"allow":["GET"]}}],"collection":[{"href":"https:\/\/www.mobil-mark.de\/fr\/wp-json\/wp\/v2\/pages"}],"about":[{"href":"https:\/\/www.mobil-mark.de\/fr\/wp-json\/wp\/v2\/types\/page"}],"author":[{"embeddable":true,"href":"https:\/\/www.mobil-mark.de\/fr\/wp-json\/wp\/v2\/users\/3"}],"replies":[{"embeddable":true,"href":"https:\/\/www.mobil-mark.de\/fr\/wp-json\/wp\/v2\/comments?post=4058"}],"version-history":[{"count":15,"href":"https:\/\/www.mobil-mark.de\/fr\/wp-json\/wp\/v2\/pages\/4058\/revisions"}],"predecessor-version":[{"id":7001,"href":"https:\/\/www.mobil-mark.de\/fr\/wp-json\/wp\/v2\/pages\/4058\/revisions\/7001"}],"wp:attachment":[{"href":"https:\/\/www.mobil-mark.de\/fr\/wp-json\/wp\/v2\/media?parent=4058"}],"curies":[{"name":"wp","href":"https:\/\/api.w.org\/{rel}","templated":true}]}}