{"id":4092,"date":"2021-12-09T13:41:04","date_gmt":"2021-12-09T12:41:04","guid":{"rendered":"https:\/\/www.mobil-mark.de\/faq-gravure-laser\/"},"modified":"2023-04-24T16:38:03","modified_gmt":"2023-04-24T14:38:03","slug":"faq-gravure-laser","status":"publish","type":"page","link":"https:\/\/www.mobil-mark.de\/fr\/machines-de-gravure-laser\/faq-gravure-laser\/","title":{"rendered":"FAQ Gravure laser"},"content":{"rendered":"<p>[et_pb_section fb_built=\u00a0\u00bb1&Prime; fullwidth=\u00a0\u00bbon\u00a0\u00bb admin_label=\u00a0\u00bbImage Slider\u00a0\u00bb _builder_version=\u00a0\u00bb4.16&Prime; _module_preset=\u00a0\u00bbdefault\u00a0\u00bb background_color=\u00a0\u00bb#FFFFFF\u00a0\u00bb background_enable_image=\u00a0\u00bboff\u00a0\u00bb module_alignment=\u00a0\u00bbleft\u00a0\u00bb global_colors_info=\u00a0\u00bb{}\u00a0\u00bb][et_pb_fullwidth_slider _builder_version=\u00a0\u00bb4.16&Prime; _module_preset=\u00a0\u00bbfaf5b4f6-5234-4f49-bb13-3eb79cb47745&Prime; global_colors_info=\u00a0\u00bb{}\u00a0\u00bb][et_pb_slide heading=\u00a0\u00bbFAQ\u00a0\u00bb _builder_version=\u00a0\u00bb4.16&Prime; _module_preset=\u00a0\u00bb9fdafdd2-bca5-4e36-ad31-46d0ad6222bb\u00a0\u00bb background_image=\u00a0\u00bbhttps:\/\/www.mobil-mark.de\/wp-content\/uploads\/2021\/08\/faq-imageslider-3840&#215;920-1-scaled.jpg\u00a0\u00bb global_colors_info=\u00a0\u00bb{}\u00a0\u00bb sticky_transition=\u00a0\u00bbon\u00a0\u00bb]<\/p>\n<p>Informations utiles sur les graveurs laser<\/p>\n<p>[\/et_pb_slide][\/et_pb_fullwidth_slider][\/et_pb_section][et_pb_section fb_built=\u00a0\u00bb1&Prime; module_id=\u00a0\u00bbmat\u00e9riaux\u00a0\u00bb _builder_version=\u00a0\u00bb4.16&Prime; _module_preset=\u00a0\u00bb_initial\u00a0\u00bb global_colors_info=\u00a0\u00bb{}\u00a0\u00bb][et_pb_row _builder_version=\u00a0\u00bb4.16&Prime; _module_preset=\u00a0\u00bbdefault\u00a0\u00bb global_colors_info=\u00a0\u00bb{}\u00a0\u00bb][et_pb_column type=\u00a0\u00bb4_4&Prime; _builder_version=\u00a0\u00bb4.16&Prime; _module_preset=\u00a0\u00bbdefault\u00a0\u00bb global_colors_info=\u00a0\u00bb{}\u00a0\u00bb][et_pb_text admin_label=\u00a0\u00bbHeadline 50%\u00a0\u00bb _builder_version=\u00a0\u00bb4.16&Prime; _module_preset=\u00a0\u00bbd1e96b24-a539-473a-bfaa-45aa34fbd293&Prime; global_colors_info=\u00a0\u00bb{}\u00a0\u00bb]<\/p>\n<h2>Nos connaissances \u00e0 votre service<\/h2>\n<p>[\/et_pb_text][et_pb_text admin_label=\u00a0\u00bbText\u00a0\u00bb _builder_version=\u00a0\u00bb4.16&Prime; _module_preset=\u00a0\u00bbb912ceaa-d132-4093-ad58-e5cbb87da27a\u00a0\u00bb global_colors_info=\u00a0\u00bb{}\u00a0\u00bb]<\/p>\n<p>Qu&rsquo;il s&rsquo;agisse du fonctionnement, des applications ou des particularit\u00e9s, vous trouverez ici un r\u00e9sum\u00e9 complet de toutes les <strong>informations importantes concernant les graveurs laser<\/strong> et les produits uniques en leur genre de Mobil-Mark. Vous avez une question \u00e0 laquelle vous ne trouvez pas de r\u00e9ponse ici\u00a0? \u00c9crivez-nous et nous vous r\u00e9pondrons.<\/p>\n<p>[\/et_pb_text][et_pb_button button_url=\u00a0\u00bb@ET-DC@eyJkeW5hbWljIjp0cnVlLCJjb250ZW50IjoicG9zdF9saW5rX3VybF9wYWdlIiwic2V0dGluZ3MiOnsicG9zdF9pZCI6IjE1OSJ9fQ==@\u00a0\u00bb button_text=\u00a0\u00bbNous contacter maintenant\u00a0\u00bb _builder_version=\u00a0\u00bb4.16&Prime; _dynamic_attributes=\u00a0\u00bbbutton_url\u00a0\u00bb _module_preset=\u00a0\u00bba46419da-3052-496b-b33c-2c2cea962ca5&Prime; saved_tabs=\u00a0\u00bball\u00a0\u00bb global_colors_info=\u00a0\u00bb{}\u00a0\u00bb][\/et_pb_button][\/et_pb_column][\/et_pb_row][\/et_pb_section][et_pb_section fb_built=\u00a0\u00bb1&Prime; module_id=\u00a0\u00bbmat\u00e9riaux\u00a0\u00bb _builder_version=\u00a0\u00bb4.16&Prime; _module_preset=\u00a0\u00bb2aa77f26-48e2-4f2e-8256-e6a09189bfc3&Prime; global_colors_info=\u00a0\u00bb{}\u00a0\u00bb][et_pb_row _builder_version=\u00a0\u00bb4.16&Prime; _module_preset=\u00a0\u00bbdefault\u00a0\u00bb global_colors_info=\u00a0\u00bb{}\u00a0\u00bb][et_pb_column type=\u00a0\u00bb4_4&Prime; _builder_version=\u00a0\u00bb4.16&Prime; _module_preset=\u00a0\u00bbdefault\u00a0\u00bb global_colors_info=\u00a0\u00bb{}\u00a0\u00bb][et_pb_text admin_label=\u00a0\u00bbHeadline 50%\u00a0\u00bb _builder_version=\u00a0\u00bb4.16&Prime; _module_preset=\u00a0\u00bbd1e96b24-a539-473a-bfaa-45aa34fbd293&Prime; global_colors_info=\u00a0\u00bb{}\u00a0\u00bb]<\/p>\n<h2>Une technique incomparable avec des avantages imbattables<\/h2>\n<p>[\/et_pb_text][et_pb_text admin_label=\u00a0\u00bbText\u00a0\u00bb _builder_version=\u00a0\u00bb4.16&Prime; _module_preset=\u00a0\u00bbb912ceaa-d132-4093-ad58-e5cbb87da27a\u00a0\u00bb global_colors_info=\u00a0\u00bb{}\u00a0\u00bb]<\/p>\n<p><strong><\/strong>Qu&rsquo;est-ce donc qu\u2019un laser \u00e0 fibre\u00a0? Et que se cache-t-il derri\u00e8re le terme \u00ab\u00a0classe de protection laser\u00a0\u00bb? Retrouvez les r\u00e9ponses \u00e0 ces questions et \u00e0 bien d\u2019autres sur le th\u00e8me des graveurs laser dans notre FAQ de Mobil-Mark.<\/p>\n<p>[\/et_pb_text][et_pb_accordion _builder_version=\u00a0\u00bb4.20.2&Prime; _module_preset=\u00a0\u00bbdefault\u00a0\u00bb hover_enabled=\u00a0\u00bb0&Prime; global_colors_info=\u00a0\u00bb{}\u00a0\u00bb border_width_all__hover_enabled=\u00a0\u00bboff|desktop\u00a0\u00bb sticky_enabled=\u00a0\u00bb0&Prime;][et_pb_accordion_item title=\u00a0\u00bbQu&rsquo;est-ce qu\u2019un laser \u00e0 fibre ?\u00a0\u00bb open=\u00a0\u00bbon\u00a0\u00bb _builder_version=\u00a0\u00bb4.16&Prime; _module_preset=\u00a0\u00bbdefault\u00a0\u00bb global_colors_info=\u00a0\u00bb{}\u00a0\u00bb closed_toggle_font=\u00a0\u00bb||||||||\u00a0\u00bb toggle_line_height_last_edited=\u00a0\u00bboff|desktop\u00a0\u00bb]Les lasers \u00e0 fibre appartiennent au groupe des lasers \u00e0 solide. Le faisceau laser est renforc\u00e9 par des fibres de verre sp\u00e9ciales. L&rsquo;\u00e9nergie est fournie aux fibres par des diodes de pompage. Contrairement aux lasers CO<sub>2<\/sub> traditionnels, les lasers \u00e0 fibre sont en mesure de g\u00e9n\u00e9rer un diam\u00e8tre de focalisation extr\u00eamement petit : l&rsquo;intensit\u00e9 du faisceau laser est jusqu&rsquo;\u00e0 100 fois plus \u00e9lev\u00e9e que celle des lasers CO<sub>2<\/sub> \u00e0 puissance \u00e9gale. Les lasers \u00e0 fibres se distinguent en outre par une dur\u00e9e de vie particuli\u00e8rement longue. Mobil-Mark utilise des lasers \u00e0 fibre MOPA (Master Oscillator Power Amplifier). Ce type de laser offre tous les avantages d&rsquo;un laser \u00e0 fibre et permet en outre de r\u00e9gler la dur\u00e9e d&rsquo;impulsion de mani\u00e8re variable. C&rsquo;est pourquoi il est consid\u00e9r\u00e9 comme l&rsquo;un des lasers les plus flexibles du march\u00e9 et convient \u00e0 de nombreuses applications de mat\u00e9riaux.<\/p>\n<p><img loading=\"lazy\" decoding=\"async\" src=\"https:\/\/www.mobil-mark.de\/wp-content\/uploads\/2022\/03\/fr-infografik-faserlaser-1.jpg\" alt=\"\" class=\"wp-image-5106 alignnone size-full\" width=\"502\" height=\"334\" \/>[\/et_pb_accordion_item][et_pb_accordion_item title=\u00a0\u00bbQue veulent dire les classes de protection laser ?\u00a0\u00bb _builder_version=\u00a0\u00bb4.16&Prime; _module_preset=\u00a0\u00bbdefault\u00a0\u00bb global_colors_info=\u00a0\u00bb{}\u00a0\u00bb open=\u00a0\u00bboff\u00a0\u00bb]<\/p>\n<p>L&rsquo;<strong>\u00e9valuation des risques<\/strong> d&rsquo;un laser peut \u00eatre r\u00e9alis\u00e9e \u00e0 l&rsquo;aide de ce qu&rsquo;on appelle les classes laser. Il existe au total <strong>7 cas possibles<\/strong>. Tandis que la <strong>classe de protection laser 4<\/strong> signifie par exemple que le laser ou son rayonnement repr\u00e9sente un <strong>danger pour la peau et les yeux<\/strong> et qu&rsquo;il existe m\u00eame un <strong>risque d&rsquo;incendie<\/strong> avec les mat\u00e9riaux inflammables, un laser de la <strong>classe de protection laser 1<\/strong> pr\u00e9sente une <strong>utilisation s\u00e9curis\u00e9e<\/strong>. Dans le premier cas (classe 4), il est imp\u00e9ratif de prendre des mesures de protection individuelle suppl\u00e9mentaires alors qu&rsquo;il est possible d&rsquo;y renoncer dans le cas d&rsquo;un laser de classe 1.<\/p>\n<p>[\/et_pb_accordion_item][et_pb_accordion_item title=\u00a0\u00bbEst-ce que les lasers de Mobil-Mark peuvent \u00eatre utilis\u00e9s sans danger ? \u00a0\u00bb _builder_version=\u00a0\u00bb4.20.2&Prime; _module_preset=\u00a0\u00bbdefault\u00a0\u00bb hover_enabled=\u00a0\u00bb0&Prime; global_colors_info=\u00a0\u00bb{}\u00a0\u00bb open=\u00a0\u00bboff\u00a0\u00bb sticky_enabled=\u00a0\u00bb0&Prime;]<\/p>\n<p>Oui, les lasers de Mobil-Mark r\u00e9pondent non seulement \u00e0 des <strong>crit\u00e8res ergonomiques<\/strong> mais ils int\u00e8grent \u00e9galement une <strong>technologie de s\u00e9curit\u00e9 brevet\u00e9e<\/strong> qui r\u00e9pond aux crit\u00e8res de la <strong>classe de protection laser 1<\/strong>. Concr\u00e8tement, cela signifie que les lasers offrent une protection compl\u00e8te et qu&rsquo;il est possible de les utiliser <strong>sans \u00e9quipement de protection suppl\u00e9mentaire<\/strong>, par ex. sans lunettes de protection lorsqu&rsquo;ils sont utilis\u00e9s conform\u00e9ment \u00e0 l&#8217;emploi pr\u00e9vu.<\/p>\n<p>[\/et_pb_accordion_item][et_pb_accordion_item title=\u00a0\u00bbQue se cache-t-il derri\u00e8re le terme \u00ab tra\u00e7abilit\u00e9 \u00bb?\u00a0\u00bb _builder_version=\u00a0\u00bb4.16&Prime; _module_preset=\u00a0\u00bbdefault\u00a0\u00bb global_colors_info=\u00a0\u00bb{}\u00a0\u00bb open=\u00a0\u00bboff\u00a0\u00bb]<\/p>\n<p>De nos jours, la <strong><\/strong><strong>tra\u00e7abilit\u00e9<\/strong> est un <strong>standard industriel indispensable<\/strong>\u00a0: dans presque tous les environnements industriels, les produits ou les pi\u00e8ces sont marqu\u00e9s afin de pouvoir les <strong>identifier de mani\u00e8re univoque<\/strong>. Cela peut avoir une grande importance, dans le cadre de la <strong>gestion de la qualit\u00e9<\/strong> notamment. Pour de plus amples informations sur la tra\u00e7abilit\u00e9, nous vous proposons de consulter notre <a href=\"https:\/\/www.mobil-mark.de\/fr\/entreprise\/infocenter\/#livre-blanc\"><strong>guide pratique qui regroupe toutes nos connaissances sur le sujet<\/strong><\/a>.<\/p>\n<p>[\/et_pb_accordion_item][et_pb_accordion_item title=\u00a0\u00bbPourquoi la gravure au laser est-elle particuli\u00e8rement durable et efficace ? \u00a0\u00bb _builder_version=\u00a0\u00bb4.16&Prime; _module_preset=\u00a0\u00bbdefault\u00a0\u00bb global_colors_info=\u00a0\u00bb{}\u00a0\u00bb open=\u00a0\u00bboff\u00a0\u00bb]<\/p>\n<p>Par rapport aux autres proc\u00e9d\u00e9s, comme l&rsquo;\u00e9tiquetage ou la gravure chimique, la gravure au laser pr\u00e9sente plusieurs <strong>avantages<\/strong>\u00a0: les inscriptions au laser <strong>r\u00e9sistent \u00e0 l&rsquo;usure<\/strong> et sont <strong>particuli\u00e8rement durables<\/strong>. En outre, la gravure au laser est une m\u00e9thode de marquage qui <strong>pr\u00e9serve<\/strong> le <strong>mat\u00e9riau<\/strong>, que ce soit du m\u00e9tal, du verre ou du plastique. La gravure au laser <strong>regroupe<\/strong> \u00e9galement <strong>plusieurs \u00e9tapes de travail<\/strong> alors que les proc\u00e9d\u00e9s traditionnels n&rsquo;en font qu&rsquo;une, rendant ainsi le travail <strong>plus efficace<\/strong>. D\u00e9couvrez ici les autres <a href=\"https:\/\/www.mobil-mark.de\/fr\/#avantages\"><strong>avantages<\/strong><\/a> que les lasers Mobil-Mark peuvent vous proposer.<\/p>\n<p>[\/et_pb_accordion_item][\/et_pb_accordion][\/et_pb_column][\/et_pb_row][\/et_pb_section][et_pb_section fb_built=\u00a0\u00bb1&Prime; admin_label=\u00a0\u00bbFull-Width Contact Box\u00a0\u00bb module_id=\u00a0\u00bbcontact\u00a0\u00bb _builder_version=\u00a0\u00bb4.16&Prime; _module_preset=\u00a0\u00bba1f45f23-e2ce-493f-810f-6f77f9db1ac3&Prime; background_color=\u00a0\u00bb#003D6C\u00a0\u00bb use_background_color_gradient=\u00a0\u00bbon\u00a0\u00bb background_color_gradient_stops=\u00a0\u00bb#00355e 0%|#003d6c 100%\u00a0\u00bb background_color_gradient_start=\u00a0\u00bb#00355e\u00a0\u00bb background_color_gradient_end=\u00a0\u00bb#003d6c\u00a0\u00bb background_image=\u00a0\u00bbhttps:\/\/www.mobil-mark.de\/wp-content\/uploads\/2021\/07\/mesh@2x.png\u00a0\u00bb parallax=\u00a0\u00bbon\u00a0\u00bb custom_padding=\u00a0\u00bb3%||4%||false|false\u00a0\u00bb saved_tabs=\u00a0\u00bball\u00a0\u00bb global_colors_info=\u00a0\u00bb{}\u00a0\u00bb][et_pb_row column_structure=\u00a0\u00bb3_5,2_5&Prime; _builder_version=\u00a0\u00bb4.16&Prime; _module_preset=\u00a0\u00bbdefault\u00a0\u00bb global_colors_info=\u00a0\u00bb{}\u00a0\u00bb][et_pb_column type=\u00a0\u00bb3_5&Prime; _builder_version=\u00a0\u00bb4.16&Prime; _module_preset=\u00a0\u00bbdefault\u00a0\u00bb global_colors_info=\u00a0\u00bb{}\u00a0\u00bb][et_pb_text _builder_version=\u00a0\u00bb4.16&Prime; _module_preset=\u00a0\u00bbdefault\u00a0\u00bb text_text_color=\u00a0\u00bb#FFFFFF\u00a0\u00bb header_text_color=\u00a0\u00bb#FFFFFF\u00a0\u00bb header_2_text_color=\u00a0\u00bb#FFFFFF\u00a0\u00bb background_layout=\u00a0\u00bbdark\u00a0\u00bb max_width=\u00a0\u00bb85%\u00a0\u00bb max_width_tablet=\u00a0\u00bb100%\u00a0\u00bb max_width_phone=\u00a0\u00bb100%\u00a0\u00bb max_width_last_edited=\u00a0\u00bbon|tablet\u00a0\u00bb global_colors_info=\u00a0\u00bb{}\u00a0\u00bb]<\/p>\n<h2>Faites-vous conseiller par nos experts\u00a0!<\/h2>\n<p>Vous avez une question \u00e0 laquelle vous n&rsquo;avez pas trouv\u00e9 de r\u00e9ponse dans notre FAQ\u00a0?\u00a0 N&rsquo;h\u00e9sitez pas \u00e0 contacter les experts Mobil-Mark.\u00a0\u00a0\u00a0<\/p>\n<p>[\/et_pb_text][et_pb_button button_url=\u00a0\u00bb@ET-DC@eyJkeW5hbWljIjp0cnVlLCJjb250ZW50IjoicG9zdF9saW5rX3VybF9wYWdlIiwic2V0dGluZ3MiOnsicG9zdF9pZCI6IjE1OSJ9fQ==@\u00a0\u00bb url_new_window=\u00a0\u00bbon\u00a0\u00bb button_text=\u00a0\u00bbPoser votre question\u00a0\u00bb module_class=\u00a0\u00bbbutton-primary\u00a0\u00bb _builder_version=\u00a0\u00bb4.16&Prime; _dynamic_attributes=\u00a0\u00bbbutton_url\u00a0\u00bb _module_preset=\u00a0\u00bb441d0f55-1e44-42cf-a794-626ffabacda0&Prime; mix_blend_mode=\u00a0\u00bblighten\u00a0\u00bb global_colors_info=\u00a0\u00bb{}\u00a0\u00bb][\/et_pb_button][\/et_pb_column][et_pb_column type=\u00a0\u00bb2_5&Prime; _builder_version=\u00a0\u00bb4.16&Prime; _module_preset=\u00a0\u00bbdefault\u00a0\u00bb custom_padding=\u00a0\u00bb40px||40px||true|false\u00a0\u00bb global_colors_info=\u00a0\u00bb{}\u00a0\u00bb][et_pb_blurb title=\u00a0\u00bb+49 731-40 700 601&Prime; image=\u00a0\u00bbhttps:\/\/www.mobil-mark.de\/wp-content\/uploads\/2021\/07\/Telephone@2x.png\u00a0\u00bb admin_label=\u00a0\u00bbPhone\u00a0\u00bb _builder_version=\u00a0\u00bb4.16&Prime; _module_preset=\u00a0\u00bb80bd3ae8-c3d3-42f5-a3df-282bcd65d477&Prime; custom_css_blurb_image=\u00a0\u00bbpadding-top:4px;\u00a0\u00bb global_colors_info=\u00a0\u00bb{}\u00a0\u00bb][\/et_pb_blurb][et_pb_blurb title=\u00a0\u00bbkontakt@mobil-mark.de\u00a0\u00bb url=\u00a0\u00bbmailto:kontakt@mobil-mark.de\u00a0\u00bb image=\u00a0\u00bbhttps:\/\/www.mobil-mark.de\/wp-content\/uploads\/2021\/07\/Mail@2x.png\u00a0\u00bb alt=\u00a0\u00bbMail Icon\u00a0\u00bb admin_label=\u00a0\u00bbE-Mail\u00a0\u00bb _builder_version=\u00a0\u00bb4.16&Prime; _module_preset=\u00a0\u00bb80bd3ae8-c3d3-42f5-a3df-282bcd65d477&Prime; custom_css_blurb_image=\u00a0\u00bbpadding-top:7px;\u00a0\u00bb global_colors_info=\u00a0\u00bb{}\u00a0\u00bb][\/et_pb_blurb][\/et_pb_column][\/et_pb_row][\/et_pb_section]<\/p>\n","protected":false},"excerpt":{"rendered":"<p>Informations utiles sur les graveurs laserNos connaissances \u00e0 votre serviceQu&rsquo;il s&rsquo;agisse du fonctionnement, des applications ou des particularit\u00e9s, vous trouverez ici un r\u00e9sum\u00e9 complet de toutes les informations importantes concernant les graveurs laser et les produits uniques en leur genre de Mobil-Mark. Vous avez une question \u00e0 laquelle vous ne trouvez pas de r\u00e9ponse ici\u00a0? [&hellip;]<\/p>\n","protected":false},"author":5,"featured_media":0,"parent":4172,"menu_order":0,"comment_status":"closed","ping_status":"closed","template":"","meta":{"_et_pb_use_builder":"on","_et_pb_old_content":"","_et_gb_content_width":"","footnotes":""},"class_list":["post-4092","page","type-page","status-publish","hentry"],"yoast_head":"<!-- This site is optimized with the Yoast SEO plugin v27.4 - https:\/\/yoast.com\/product\/yoast-seo-wordpress\/ -->\n<title>FAQ - Gravure laser et inscription au laser \u2738 Mobil-Mark<\/title>\n<meta name=\"description\" content=\"Questions fr\u00e9quentes sur la gravure laser et l&#039;inscription au laser \u2713 Informations utiles sur nos installations d&#039;inscription au laser \u2713 Vos infos aupr\u00e8s de Mobil-Mark \u2738\" \/>\n<meta name=\"robots\" content=\"index, follow, max-snippet:-1, max-image-preview:large, max-video-preview:-1\" \/>\n<link rel=\"canonical\" href=\"https:\/\/www.mobil-mark.de\/fr\/machines-de-gravure-laser\/faq-gravure-laser\/\" \/>\n<meta property=\"og:locale\" content=\"fr_FR\" \/>\n<meta property=\"og:type\" content=\"article\" \/>\n<meta property=\"og:title\" content=\"FAQ - Gravure laser et inscription au laser \u2738 Mobil-Mark\" \/>\n<meta property=\"og:description\" content=\"Questions fr\u00e9quentes sur la gravure laser et l&#039;inscription au laser \u2713 Informations utiles sur nos installations d&#039;inscription au laser \u2713 Vos infos aupr\u00e8s de Mobil-Mark \u2738\" \/>\n<meta property=\"og:url\" content=\"https:\/\/www.mobil-mark.de\/fr\/machines-de-gravure-laser\/faq-gravure-laser\/\" \/>\n<meta property=\"og:site_name\" content=\"Mobil-Mark\" \/>\n<meta property=\"article:modified_time\" content=\"2023-04-24T14:38:03+00:00\" \/>\n<meta property=\"og:image\" content=\"https:\/\/www.mobil-mark.de\/wp-content\/uploads\/2022\/03\/fr-infografik-faserlaser-1.jpg\" \/>\n<meta name=\"twitter:card\" content=\"summary_large_image\" \/>\n<meta name=\"twitter:label1\" content=\"Dur\u00e9e de lecture estim\u00e9e\" \/>\n\t<meta name=\"twitter:data1\" content=\"8 minutes\" \/>\n<script type=\"application\/ld+json\" class=\"yoast-schema-graph\">{\"@context\":\"https:\\\/\\\/schema.org\",\"@graph\":[{\"@type\":\"WebPage\",\"@id\":\"https:\\\/\\\/www.mobil-mark.de\\\/fr\\\/machines-de-gravure-laser\\\/faq-gravure-laser\\\/\",\"url\":\"https:\\\/\\\/www.mobil-mark.de\\\/fr\\\/machines-de-gravure-laser\\\/faq-gravure-laser\\\/\",\"name\":\"FAQ - Gravure laser et inscription au laser \u2738 Mobil-Mark\",\"isPartOf\":{\"@id\":\"https:\\\/\\\/www.mobil-mark.de\\\/fr\\\/#website\"},\"primaryImageOfPage\":{\"@id\":\"https:\\\/\\\/www.mobil-mark.de\\\/fr\\\/machines-de-gravure-laser\\\/faq-gravure-laser\\\/#primaryimage\"},\"image\":{\"@id\":\"https:\\\/\\\/www.mobil-mark.de\\\/fr\\\/machines-de-gravure-laser\\\/faq-gravure-laser\\\/#primaryimage\"},\"thumbnailUrl\":\"https:\\\/\\\/www.mobil-mark.de\\\/wp-content\\\/uploads\\\/2022\\\/03\\\/fr-infografik-faserlaser-1.jpg\",\"datePublished\":\"2021-12-09T12:41:04+00:00\",\"dateModified\":\"2023-04-24T14:38:03+00:00\",\"description\":\"Questions fr\u00e9quentes sur la gravure laser et l'inscription au laser \u2713 Informations utiles sur nos installations d'inscription au laser \u2713 Vos infos aupr\u00e8s de Mobil-Mark \u2738\",\"breadcrumb\":{\"@id\":\"https:\\\/\\\/www.mobil-mark.de\\\/fr\\\/machines-de-gravure-laser\\\/faq-gravure-laser\\\/#breadcrumb\"},\"inLanguage\":\"fr-FR\",\"potentialAction\":[{\"@type\":\"ReadAction\",\"target\":[\"https:\\\/\\\/www.mobil-mark.de\\\/fr\\\/machines-de-gravure-laser\\\/faq-gravure-laser\\\/\"]}]},{\"@type\":\"ImageObject\",\"inLanguage\":\"fr-FR\",\"@id\":\"https:\\\/\\\/www.mobil-mark.de\\\/fr\\\/machines-de-gravure-laser\\\/faq-gravure-laser\\\/#primaryimage\",\"url\":\"https:\\\/\\\/www.mobil-mark.de\\\/wp-content\\\/uploads\\\/2022\\\/03\\\/fr-infografik-faserlaser-1.jpg\",\"contentUrl\":\"https:\\\/\\\/www.mobil-mark.de\\\/wp-content\\\/uploads\\\/2022\\\/03\\\/fr-infografik-faserlaser-1.jpg\"},{\"@type\":\"BreadcrumbList\",\"@id\":\"https:\\\/\\\/www.mobil-mark.de\\\/fr\\\/machines-de-gravure-laser\\\/faq-gravure-laser\\\/#breadcrumb\",\"itemListElement\":[{\"@type\":\"ListItem\",\"position\":1,\"name\":\"Startseite\",\"item\":\"https:\\\/\\\/www.mobil-mark.de\\\/fr\\\/\"},{\"@type\":\"ListItem\",\"position\":2,\"name\":\"Machines de gravure laser\",\"item\":\"https:\\\/\\\/www.mobil-mark.de\\\/fr\\\/machines-de-gravure-laser\\\/\"},{\"@type\":\"ListItem\",\"position\":3,\"name\":\"FAQ Gravure laser\"}]},{\"@type\":\"WebSite\",\"@id\":\"https:\\\/\\\/www.mobil-mark.de\\\/fr\\\/#website\",\"url\":\"https:\\\/\\\/www.mobil-mark.de\\\/fr\\\/\",\"name\":\"Mobil-Mark\",\"description\":\"\",\"publisher\":{\"@id\":\"https:\\\/\\\/www.mobil-mark.de\\\/fr\\\/#organization\"},\"potentialAction\":[{\"@type\":\"SearchAction\",\"target\":{\"@type\":\"EntryPoint\",\"urlTemplate\":\"https:\\\/\\\/www.mobil-mark.de\\\/fr\\\/?s={search_term_string}\"},\"query-input\":{\"@type\":\"PropertyValueSpecification\",\"valueRequired\":true,\"valueName\":\"search_term_string\"}}],\"inLanguage\":\"fr-FR\"},{\"@type\":\"Organization\",\"@id\":\"https:\\\/\\\/www.mobil-mark.de\\\/fr\\\/#organization\",\"name\":\"Mobil-Mark\",\"url\":\"https:\\\/\\\/www.mobil-mark.de\\\/fr\\\/\",\"logo\":{\"@type\":\"ImageObject\",\"inLanguage\":\"fr-FR\",\"@id\":\"https:\\\/\\\/www.mobil-mark.de\\\/fr\\\/#\\\/schema\\\/logo\\\/image\\\/\",\"url\":\"https:\\\/\\\/www.mobil-mark.de\\\/wp-content\\\/uploads\\\/2021\\\/09\\\/cropped-favicon-mobil-mark.png\",\"contentUrl\":\"https:\\\/\\\/www.mobil-mark.de\\\/wp-content\\\/uploads\\\/2021\\\/09\\\/cropped-favicon-mobil-mark.png\",\"width\":512,\"height\":512,\"caption\":\"Mobil-Mark\"},\"image\":{\"@id\":\"https:\\\/\\\/www.mobil-mark.de\\\/fr\\\/#\\\/schema\\\/logo\\\/image\\\/\"}}]}<\/script>\n<!-- \/ Yoast SEO plugin. -->","yoast_head_json":{"title":"FAQ - Gravure laser et inscription au laser \u2738 Mobil-Mark","description":"Questions fr\u00e9quentes sur la gravure laser et l'inscription au laser \u2713 Informations utiles sur nos installations d'inscription au laser \u2713 Vos infos aupr\u00e8s de Mobil-Mark \u2738","robots":{"index":"index","follow":"follow","max-snippet":"max-snippet:-1","max-image-preview":"max-image-preview:large","max-video-preview":"max-video-preview:-1"},"canonical":"https:\/\/www.mobil-mark.de\/fr\/machines-de-gravure-laser\/faq-gravure-laser\/","og_locale":"fr_FR","og_type":"article","og_title":"FAQ - Gravure laser et inscription au laser \u2738 Mobil-Mark","og_description":"Questions fr\u00e9quentes sur la gravure laser et l'inscription au laser \u2713 Informations utiles sur nos installations d'inscription au laser \u2713 Vos infos aupr\u00e8s de Mobil-Mark \u2738","og_url":"https:\/\/www.mobil-mark.de\/fr\/machines-de-gravure-laser\/faq-gravure-laser\/","og_site_name":"Mobil-Mark","article_modified_time":"2023-04-24T14:38:03+00:00","og_image":[{"url":"https:\/\/www.mobil-mark.de\/wp-content\/uploads\/2022\/03\/fr-infografik-faserlaser-1.jpg","type":"","width":"","height":""}],"twitter_card":"summary_large_image","twitter_misc":{"Dur\u00e9e de lecture estim\u00e9e":"8 minutes"},"schema":{"@context":"https:\/\/schema.org","@graph":[{"@type":"WebPage","@id":"https:\/\/www.mobil-mark.de\/fr\/machines-de-gravure-laser\/faq-gravure-laser\/","url":"https:\/\/www.mobil-mark.de\/fr\/machines-de-gravure-laser\/faq-gravure-laser\/","name":"FAQ - Gravure laser et inscription au laser \u2738 Mobil-Mark","isPartOf":{"@id":"https:\/\/www.mobil-mark.de\/fr\/#website"},"primaryImageOfPage":{"@id":"https:\/\/www.mobil-mark.de\/fr\/machines-de-gravure-laser\/faq-gravure-laser\/#primaryimage"},"image":{"@id":"https:\/\/www.mobil-mark.de\/fr\/machines-de-gravure-laser\/faq-gravure-laser\/#primaryimage"},"thumbnailUrl":"https:\/\/www.mobil-mark.de\/wp-content\/uploads\/2022\/03\/fr-infografik-faserlaser-1.jpg","datePublished":"2021-12-09T12:41:04+00:00","dateModified":"2023-04-24T14:38:03+00:00","description":"Questions fr\u00e9quentes sur la gravure laser et l'inscription au laser \u2713 Informations utiles sur nos installations d'inscription au laser \u2713 Vos infos aupr\u00e8s de Mobil-Mark \u2738","breadcrumb":{"@id":"https:\/\/www.mobil-mark.de\/fr\/machines-de-gravure-laser\/faq-gravure-laser\/#breadcrumb"},"inLanguage":"fr-FR","potentialAction":[{"@type":"ReadAction","target":["https:\/\/www.mobil-mark.de\/fr\/machines-de-gravure-laser\/faq-gravure-laser\/"]}]},{"@type":"ImageObject","inLanguage":"fr-FR","@id":"https:\/\/www.mobil-mark.de\/fr\/machines-de-gravure-laser\/faq-gravure-laser\/#primaryimage","url":"https:\/\/www.mobil-mark.de\/wp-content\/uploads\/2022\/03\/fr-infografik-faserlaser-1.jpg","contentUrl":"https:\/\/www.mobil-mark.de\/wp-content\/uploads\/2022\/03\/fr-infografik-faserlaser-1.jpg"},{"@type":"BreadcrumbList","@id":"https:\/\/www.mobil-mark.de\/fr\/machines-de-gravure-laser\/faq-gravure-laser\/#breadcrumb","itemListElement":[{"@type":"ListItem","position":1,"name":"Startseite","item":"https:\/\/www.mobil-mark.de\/fr\/"},{"@type":"ListItem","position":2,"name":"Machines de gravure laser","item":"https:\/\/www.mobil-mark.de\/fr\/machines-de-gravure-laser\/"},{"@type":"ListItem","position":3,"name":"FAQ Gravure laser"}]},{"@type":"WebSite","@id":"https:\/\/www.mobil-mark.de\/fr\/#website","url":"https:\/\/www.mobil-mark.de\/fr\/","name":"Mobil-Mark","description":"","publisher":{"@id":"https:\/\/www.mobil-mark.de\/fr\/#organization"},"potentialAction":[{"@type":"SearchAction","target":{"@type":"EntryPoint","urlTemplate":"https:\/\/www.mobil-mark.de\/fr\/?s={search_term_string}"},"query-input":{"@type":"PropertyValueSpecification","valueRequired":true,"valueName":"search_term_string"}}],"inLanguage":"fr-FR"},{"@type":"Organization","@id":"https:\/\/www.mobil-mark.de\/fr\/#organization","name":"Mobil-Mark","url":"https:\/\/www.mobil-mark.de\/fr\/","logo":{"@type":"ImageObject","inLanguage":"fr-FR","@id":"https:\/\/www.mobil-mark.de\/fr\/#\/schema\/logo\/image\/","url":"https:\/\/www.mobil-mark.de\/wp-content\/uploads\/2021\/09\/cropped-favicon-mobil-mark.png","contentUrl":"https:\/\/www.mobil-mark.de\/wp-content\/uploads\/2021\/09\/cropped-favicon-mobil-mark.png","width":512,"height":512,"caption":"Mobil-Mark"},"image":{"@id":"https:\/\/www.mobil-mark.de\/fr\/#\/schema\/logo\/image\/"}}]}},"_links":{"self":[{"href":"https:\/\/www.mobil-mark.de\/fr\/wp-json\/wp\/v2\/pages\/4092","targetHints":{"allow":["GET"]}}],"collection":[{"href":"https:\/\/www.mobil-mark.de\/fr\/wp-json\/wp\/v2\/pages"}],"about":[{"href":"https:\/\/www.mobil-mark.de\/fr\/wp-json\/wp\/v2\/types\/page"}],"author":[{"embeddable":true,"href":"https:\/\/www.mobil-mark.de\/fr\/wp-json\/wp\/v2\/users\/5"}],"replies":[{"embeddable":true,"href":"https:\/\/www.mobil-mark.de\/fr\/wp-json\/wp\/v2\/comments?post=4092"}],"version-history":[{"count":14,"href":"https:\/\/www.mobil-mark.de\/fr\/wp-json\/wp\/v2\/pages\/4092\/revisions"}],"predecessor-version":[{"id":6367,"href":"https:\/\/www.mobil-mark.de\/fr\/wp-json\/wp\/v2\/pages\/4092\/revisions\/6367"}],"up":[{"embeddable":true,"href":"https:\/\/www.mobil-mark.de\/fr\/wp-json\/wp\/v2\/pages\/4172"}],"wp:attachment":[{"href":"https:\/\/www.mobil-mark.de\/fr\/wp-json\/wp\/v2\/media?parent=4092"}],"curies":[{"name":"wp","href":"https:\/\/api.w.org\/{rel}","templated":true}]}}