{"id":4121,"date":"2021-12-09T13:41:27","date_gmt":"2021-12-09T12:41:27","guid":{"rendered":"https:\/\/www.mobil-mark.de\/conditions-generales-de-vente\/"},"modified":"2022-04-05T16:46:58","modified_gmt":"2022-04-05T14:46:58","slug":"conditions-generales-de-vente","status":"publish","type":"page","link":"https:\/\/www.mobil-mark.de\/fr\/conditions-generales-de-vente\/","title":{"rendered":"Conditions g\u00e9n\u00e9rales de vente"},"content":{"rendered":"<p>[et_pb_section fb_built=\u00a0\u00bb1&Prime; module_id=\u00a0\u00bbmat\u00e9riaux\u00a0\u00bb _builder_version=\u00a0\u00bb4.9.9&Prime; _module_preset=\u00a0\u00bb_initial\u00a0\u00bb global_colors_info=\u00a0\u00bb{}\u00a0\u00bb][et_pb_row _builder_version=\u00a0\u00bb4.9.7&Prime; _module_preset=\u00a0\u00bbdefault\u00a0\u00bb global_colors_info=\u00a0\u00bb{}\u00a0\u00bb][et_pb_column type=\u00a0\u00bb4_4&Prime; _builder_version=\u00a0\u00bb4.9.7&Prime; _module_preset=\u00a0\u00bbdefault\u00a0\u00bb global_colors_info=\u00a0\u00bb{}\u00a0\u00bb][et_pb_text admin_label=\u00a0\u00bbHeadline 50%\u00a0\u00bb _builder_version=\u00a0\u00bb4.11.3&Prime; _module_preset=\u00a0\u00bbd1e96b24-a539-473a-bfaa-45aa34fbd293&Prime; global_colors_info=\u00a0\u00bb{}\u00a0\u00bb]<\/p>\n<h1>CONDITIONS G\u00c9N\u00c9RALES DE VENTE<\/h1>\n<p>[\/et_pb_text][et_pb_text admin_label=\u00a0\u00bbText\u00a0\u00bb _builder_version=\u00a0\u00bb4.14.2&Prime; _module_preset=\u00a0\u00bbb912ceaa-d132-4093-ad58-e5cbb87da27a\u00a0\u00bb hover_enabled=\u00a0\u00bb0&Prime; global_colors_info=\u00a0\u00bb{}\u00a0\u00bb sticky_enabled=\u00a0\u00bb0&Prime;]Veuillez noter nos <a href=\"\/wp-content\/uploads\/2021\/09\/Allgemeine-Lieferbedingungen.pdf\" target=\"_blank\" rel=\"noopener\" noopener=\"\">Conditions g\u00e9n\u00e9rales de vente<\/a> et nos <a href=\"\/wp-content\/uploads\/2021\/09\/AGB-Ergaenzungsklausel.pdf\" target=\"_blank\" rel=\"noopener\" noopener=\"\">clauses compl\u00e9mentaires.<\/a><br \/>\nVous trouverez les informations sur la protection des donn\u00e9es au <a href=\"\/fr\/declaration-sur-la-protection-des-donnees\/\">lien<\/a> suivant.[\/et_pb_text][\/et_pb_column][\/et_pb_row][\/et_pb_section]<\/p>\n","protected":false},"excerpt":{"rendered":"<p>CONDITIONS G\u00c9N\u00c9RALES DE VENTEVeuillez noter nos Conditions g\u00e9n\u00e9rales de vente et nos clauses compl\u00e9mentaires. Vous trouverez les informations sur la protection des donn\u00e9es au lien suivant.<\/p>\n","protected":false},"author":9,"featured_media":0,"parent":0,"menu_order":0,"comment_status":"closed","ping_status":"closed","template":"","meta":{"_et_pb_use_builder":"on","_et_pb_old_content":"","_et_gb_content_width":"","footnotes":""},"class_list":["post-4121","page","type-page","status-publish","hentry"],"yoast_head":"<!-- This site is optimized with the Yoast SEO plugin v27.4 - https:\/\/yoast.com\/product\/yoast-seo-wordpress\/ -->\n<title>CGV \u2738 Mobil-Mark<\/title>\n<meta name=\"description\" content=\"Conditions g\u00e9n\u00e9rales pour l\u2018achat de syst\u00e8mes laser Mobil-Mark ainsi que les conditions d\u2018exp\u00e9dition et d\u2018installation.\" \/>\n<meta name=\"robots\" content=\"index, follow, max-snippet:-1, max-image-preview:large, max-video-preview:-1\" \/>\n<link rel=\"canonical\" href=\"https:\/\/www.mobil-mark.de\/fr\/conditions-generales-de-vente\/\" \/>\n<meta property=\"og:locale\" content=\"fr_FR\" \/>\n<meta property=\"og:type\" content=\"article\" \/>\n<meta property=\"og:title\" content=\"CGV \u2738 Mobil-Mark\" \/>\n<meta property=\"og:description\" content=\"Conditions g\u00e9n\u00e9rales pour l\u2018achat de syst\u00e8mes laser Mobil-Mark ainsi que les conditions d\u2018exp\u00e9dition et d\u2018installation.\" \/>\n<meta property=\"og:url\" content=\"https:\/\/www.mobil-mark.de\/fr\/conditions-generales-de-vente\/\" \/>\n<meta property=\"og:site_name\" content=\"Mobil-Mark\" \/>\n<meta property=\"article:modified_time\" content=\"2022-04-05T14:46:58+00:00\" \/>\n<meta name=\"twitter:card\" content=\"summary_large_image\" \/>\n<meta name=\"twitter:label1\" content=\"Dur\u00e9e de lecture estim\u00e9e\" \/>\n\t<meta name=\"twitter:data1\" content=\"1 minute\" \/>\n<script type=\"application\/ld+json\" class=\"yoast-schema-graph\">{\"@context\":\"https:\\\/\\\/schema.org\",\"@graph\":[{\"@type\":\"WebPage\",\"@id\":\"https:\\\/\\\/www.mobil-mark.de\\\/fr\\\/conditions-generales-de-vente\\\/\",\"url\":\"https:\\\/\\\/www.mobil-mark.de\\\/fr\\\/conditions-generales-de-vente\\\/\",\"name\":\"CGV \u2738 Mobil-Mark\",\"isPartOf\":{\"@id\":\"https:\\\/\\\/www.mobil-mark.de\\\/fr\\\/#website\"},\"datePublished\":\"2021-12-09T12:41:27+00:00\",\"dateModified\":\"2022-04-05T14:46:58+00:00\",\"description\":\"Conditions g\u00e9n\u00e9rales pour l\u2018achat de syst\u00e8mes laser Mobil-Mark ainsi que les conditions d\u2018exp\u00e9dition et d\u2018installation.\",\"breadcrumb\":{\"@id\":\"https:\\\/\\\/www.mobil-mark.de\\\/fr\\\/conditions-generales-de-vente\\\/#breadcrumb\"},\"inLanguage\":\"fr-FR\",\"potentialAction\":[{\"@type\":\"ReadAction\",\"target\":[\"https:\\\/\\\/www.mobil-mark.de\\\/fr\\\/conditions-generales-de-vente\\\/\"]}]},{\"@type\":\"BreadcrumbList\",\"@id\":\"https:\\\/\\\/www.mobil-mark.de\\\/fr\\\/conditions-generales-de-vente\\\/#breadcrumb\",\"itemListElement\":[{\"@type\":\"ListItem\",\"position\":1,\"name\":\"Startseite\",\"item\":\"https:\\\/\\\/www.mobil-mark.de\\\/fr\\\/\"},{\"@type\":\"ListItem\",\"position\":2,\"name\":\"Conditions g\u00e9n\u00e9rales de vente\"}]},{\"@type\":\"WebSite\",\"@id\":\"https:\\\/\\\/www.mobil-mark.de\\\/fr\\\/#website\",\"url\":\"https:\\\/\\\/www.mobil-mark.de\\\/fr\\\/\",\"name\":\"Mobil-Mark\",\"description\":\"\",\"publisher\":{\"@id\":\"https:\\\/\\\/www.mobil-mark.de\\\/fr\\\/#organization\"},\"potentialAction\":[{\"@type\":\"SearchAction\",\"target\":{\"@type\":\"EntryPoint\",\"urlTemplate\":\"https:\\\/\\\/www.mobil-mark.de\\\/fr\\\/?s={search_term_string}\"},\"query-input\":{\"@type\":\"PropertyValueSpecification\",\"valueRequired\":true,\"valueName\":\"search_term_string\"}}],\"inLanguage\":\"fr-FR\"},{\"@type\":\"Organization\",\"@id\":\"https:\\\/\\\/www.mobil-mark.de\\\/fr\\\/#organization\",\"name\":\"Mobil-Mark\",\"url\":\"https:\\\/\\\/www.mobil-mark.de\\\/fr\\\/\",\"logo\":{\"@type\":\"ImageObject\",\"inLanguage\":\"fr-FR\",\"@id\":\"https:\\\/\\\/www.mobil-mark.de\\\/fr\\\/#\\\/schema\\\/logo\\\/image\\\/\",\"url\":\"https:\\\/\\\/www.mobil-mark.de\\\/wp-content\\\/uploads\\\/2021\\\/09\\\/cropped-favicon-mobil-mark.png\",\"contentUrl\":\"https:\\\/\\\/www.mobil-mark.de\\\/wp-content\\\/uploads\\\/2021\\\/09\\\/cropped-favicon-mobil-mark.png\",\"width\":512,\"height\":512,\"caption\":\"Mobil-Mark\"},\"image\":{\"@id\":\"https:\\\/\\\/www.mobil-mark.de\\\/fr\\\/#\\\/schema\\\/logo\\\/image\\\/\"}}]}<\/script>\n<!-- \/ Yoast SEO plugin. -->","yoast_head_json":{"title":"CGV \u2738 Mobil-Mark","description":"Conditions g\u00e9n\u00e9rales pour l\u2018achat de syst\u00e8mes laser Mobil-Mark ainsi que les conditions d\u2018exp\u00e9dition et d\u2018installation.","robots":{"index":"index","follow":"follow","max-snippet":"max-snippet:-1","max-image-preview":"max-image-preview:large","max-video-preview":"max-video-preview:-1"},"canonical":"https:\/\/www.mobil-mark.de\/fr\/conditions-generales-de-vente\/","og_locale":"fr_FR","og_type":"article","og_title":"CGV \u2738 Mobil-Mark","og_description":"Conditions g\u00e9n\u00e9rales pour l\u2018achat de syst\u00e8mes laser Mobil-Mark ainsi que les conditions d\u2018exp\u00e9dition et d\u2018installation.","og_url":"https:\/\/www.mobil-mark.de\/fr\/conditions-generales-de-vente\/","og_site_name":"Mobil-Mark","article_modified_time":"2022-04-05T14:46:58+00:00","twitter_card":"summary_large_image","twitter_misc":{"Dur\u00e9e de lecture estim\u00e9e":"1 minute"},"schema":{"@context":"https:\/\/schema.org","@graph":[{"@type":"WebPage","@id":"https:\/\/www.mobil-mark.de\/fr\/conditions-generales-de-vente\/","url":"https:\/\/www.mobil-mark.de\/fr\/conditions-generales-de-vente\/","name":"CGV \u2738 Mobil-Mark","isPartOf":{"@id":"https:\/\/www.mobil-mark.de\/fr\/#website"},"datePublished":"2021-12-09T12:41:27+00:00","dateModified":"2022-04-05T14:46:58+00:00","description":"Conditions g\u00e9n\u00e9rales pour l\u2018achat de syst\u00e8mes laser Mobil-Mark ainsi que les conditions d\u2018exp\u00e9dition et d\u2018installation.","breadcrumb":{"@id":"https:\/\/www.mobil-mark.de\/fr\/conditions-generales-de-vente\/#breadcrumb"},"inLanguage":"fr-FR","potentialAction":[{"@type":"ReadAction","target":["https:\/\/www.mobil-mark.de\/fr\/conditions-generales-de-vente\/"]}]},{"@type":"BreadcrumbList","@id":"https:\/\/www.mobil-mark.de\/fr\/conditions-generales-de-vente\/#breadcrumb","itemListElement":[{"@type":"ListItem","position":1,"name":"Startseite","item":"https:\/\/www.mobil-mark.de\/fr\/"},{"@type":"ListItem","position":2,"name":"Conditions g\u00e9n\u00e9rales de vente"}]},{"@type":"WebSite","@id":"https:\/\/www.mobil-mark.de\/fr\/#website","url":"https:\/\/www.mobil-mark.de\/fr\/","name":"Mobil-Mark","description":"","publisher":{"@id":"https:\/\/www.mobil-mark.de\/fr\/#organization"},"potentialAction":[{"@type":"SearchAction","target":{"@type":"EntryPoint","urlTemplate":"https:\/\/www.mobil-mark.de\/fr\/?s={search_term_string}"},"query-input":{"@type":"PropertyValueSpecification","valueRequired":true,"valueName":"search_term_string"}}],"inLanguage":"fr-FR"},{"@type":"Organization","@id":"https:\/\/www.mobil-mark.de\/fr\/#organization","name":"Mobil-Mark","url":"https:\/\/www.mobil-mark.de\/fr\/","logo":{"@type":"ImageObject","inLanguage":"fr-FR","@id":"https:\/\/www.mobil-mark.de\/fr\/#\/schema\/logo\/image\/","url":"https:\/\/www.mobil-mark.de\/wp-content\/uploads\/2021\/09\/cropped-favicon-mobil-mark.png","contentUrl":"https:\/\/www.mobil-mark.de\/wp-content\/uploads\/2021\/09\/cropped-favicon-mobil-mark.png","width":512,"height":512,"caption":"Mobil-Mark"},"image":{"@id":"https:\/\/www.mobil-mark.de\/fr\/#\/schema\/logo\/image\/"}}]}},"_links":{"self":[{"href":"https:\/\/www.mobil-mark.de\/fr\/wp-json\/wp\/v2\/pages\/4121","targetHints":{"allow":["GET"]}}],"collection":[{"href":"https:\/\/www.mobil-mark.de\/fr\/wp-json\/wp\/v2\/pages"}],"about":[{"href":"https:\/\/www.mobil-mark.de\/fr\/wp-json\/wp\/v2\/types\/page"}],"author":[{"embeddable":true,"href":"https:\/\/www.mobil-mark.de\/fr\/wp-json\/wp\/v2\/users\/9"}],"replies":[{"embeddable":true,"href":"https:\/\/www.mobil-mark.de\/fr\/wp-json\/wp\/v2\/comments?post=4121"}],"version-history":[{"count":2,"href":"https:\/\/www.mobil-mark.de\/fr\/wp-json\/wp\/v2\/pages\/4121\/revisions"}],"predecessor-version":[{"id":5393,"href":"https:\/\/www.mobil-mark.de\/fr\/wp-json\/wp\/v2\/pages\/4121\/revisions\/5393"}],"wp:attachment":[{"href":"https:\/\/www.mobil-mark.de\/fr\/wp-json\/wp\/v2\/media?parent=4121"}],"curies":[{"name":"wp","href":"https:\/\/api.w.org\/{rel}","templated":true}]}}