{"id":4125,"date":"2021-12-09T13:41:30","date_gmt":"2021-12-09T12:41:30","guid":{"rendered":"https:\/\/www.mobil-mark.de\/confirmation-dinscription-a-la-newsletter\/"},"modified":"2022-04-06T09:29:11","modified_gmt":"2022-04-06T07:29:11","slug":"confirmation-dinscription-a-la-newsletter","status":"publish","type":"page","link":"https:\/\/www.mobil-mark.de\/fr\/confirmation-dinscription-a-la-newsletter\/","title":{"rendered":"Confirmation d&rsquo;inscription \u00e0 la newsletter"},"content":{"rendered":"\n[et_pb_section fb_built=\u00a0\u00bb1&Prime; module_id=\u00a0\u00bbmat\u00e9riaux\u00a0\u00bb _builder_version=\u00a0\u00bb4.10.8&Prime; _module_preset=\u00a0\u00bb_initial\u00a0\u00bb global_colors_info=\u00a0\u00bb{}\u00a0\u00bb][et_pb_row _builder_version=\u00a0\u00bb4.9.7&Prime; _module_preset=\u00a0\u00bbdefault\u00a0\u00bb global_colors_info=\u00a0\u00bb{}\u00a0\u00bb][et_pb_column type=\u00a0\u00bb4_4&Prime; _builder_version=\u00a0\u00bb4.9.7&Prime; _module_preset=\u00a0\u00bbdefault\u00a0\u00bb global_colors_info=\u00a0\u00bb{}\u00a0\u00bb][et_pb_text admin_label=\u00a0\u00bbHeadline 50%\u00a0\u00bb _builder_version=\u00a0\u00bb4.11.3&Prime; _module_preset=\u00a0\u00bbd1e96b24-a539-473a-bfaa-45aa34fbd293&Prime; hover_enabled=\u00a0\u00bb0&Prime; global_colors_info=\u00a0\u00bb{}\u00a0\u00bb sticky_enabled=\u00a0\u00bb0&Prime;]<h1>Vous vous \u00eates inscrit avec succ\u00e8s \u00e0 notre newsletter\u00a0!<\/h1>[\/et_pb_text][et_pb_text admin_label=\u00a0\u00bbText\u00a0\u00bb _builder_version=\u00a0\u00bb4.10.8&Prime; _module_preset=\u00a0\u00bbb912ceaa-d132-4093-ad58-e5cbb87da27a\u00a0\u00bb global_colors_info=\u00a0\u00bb{}\u00a0\u00bb]<p>Notre newsletter ne vous donne pas seulement les toutes derni\u00e8res actualit\u00e9s sur nos produits mais elle vous apporte \u00e9galement de nombreuses informations utiles ainsi que des conseils d&rsquo;experts en mati\u00e8re de gravure laser pour la pratique quotidienne. Vous y trouvez des \u00e9tudes de cas passionnantes, des guides instructifs, des publications, des graphiques, des vid\u00e9os d&rsquo;application et bien plus encore.<\/p>\n<p>Nous vous souhaitons une bonne lecture\u00a0!<br \/>L&rsquo;\u00e9quipe Mobil-Mark<\/p>[\/et_pb_text][et_pb_blurb use_icon=\u00a0\u00bbon\u00a0\u00bb font_icon=\u00a0\u00bb%%79%%\u00a0\u00bb _builder_version=\u00a0\u00bb4.10.8&Prime; _module_preset=\u00a0\u00bbdefault\u00a0\u00bb global_colors_info=\u00a0\u00bb{}\u00a0\u00bb]<p><strong>Jouez la s\u00e9curit\u00e9\u00a0:<\/strong> ajoutez l&rsquo;adresse Mobil-Mark newsletter@mobil-mark-news.de \u00e0 votre carnet d&rsquo;adresses mail. Ainsi, vous \u00eates s\u00fbr de bien recevoir la newsletter Mobil-Mark et de ne manquer aucune information.<\/p>[\/et_pb_blurb][\/et_pb_column][\/et_pb_row][\/et_pb_section][et_pb_section fb_built=\u00a0\u00bb1&Prime; _builder_version=\u00a0\u00bb4.10.8&Prime; _module_preset=\u00a0\u00bb6cf8ace5-c4ad-44c8-b349-ef033c03ffd5&Prime; background_color=\u00a0\u00bbrgba(0,95,219,0.15)\u00a0\u00bb background_image=\u00a0\u00bbhttps:\/\/www.mobil-mark.de\/wp-content\/uploads\/2021\/09\/imageslider-metall-3840&#215;1200.jpg-scaled.jpg\u00a0\u00bb custom_padding=\u00a0\u00bb0%|0px|0%|0px|true|false\u00a0\u00bb global_colors_info=\u00a0\u00bb{}\u00a0\u00bb][\/et_pb_section]\n","protected":false},"excerpt":{"rendered":"<p>Vous vous \u00eates inscrit avec succ\u00e8s \u00e0 notre newsletter\u00a0!Notre newsletter ne vous donne pas seulement les toutes derni\u00e8res actualit\u00e9s sur nos produits mais elle vous apporte \u00e9galement de nombreuses informations utiles ainsi que des conseils d&rsquo;experts en mati\u00e8re de gravure laser pour la pratique quotidienne. Vous y trouvez des \u00e9tudes de cas passionnantes, des guides [&hellip;]<\/p>\n","protected":false},"author":5,"featured_media":0,"parent":0,"menu_order":0,"comment_status":"closed","ping_status":"closed","template":"","meta":{"_et_pb_use_builder":"on","_et_pb_old_content":"","_et_gb_content_width":"","footnotes":""},"class_list":["post-4125","page","type-page","status-publish","hentry"],"yoast_head":"<!-- This site is optimized with the Yoast SEO plugin v27.4 - https:\/\/yoast.com\/product\/yoast-seo-wordpress\/ -->\n<title>Confirmation d&#039;inscription \u00e0 la newsletter &#8212; Mobil-Mark<\/title>\n<meta name=\"robots\" content=\"index, follow, max-snippet:-1, max-image-preview:large, max-video-preview:-1\" \/>\n<link rel=\"canonical\" href=\"https:\/\/www.mobil-mark.de\/fr\/confirmation-dinscription-a-la-newsletter\/\" \/>\n<meta property=\"og:locale\" content=\"fr_FR\" \/>\n<meta property=\"og:type\" content=\"article\" \/>\n<meta property=\"og:title\" content=\"Confirmation d&#039;inscription \u00e0 la newsletter &#8212; Mobil-Mark\" \/>\n<meta property=\"og:description\" content=\"Vous vous \u00eates inscrit avec succ\u00e8s \u00e0 notre newsletter\u00a0!Notre newsletter ne vous donne pas seulement les toutes derni\u00e8res actualit\u00e9s sur nos produits mais elle vous apporte \u00e9galement de nombreuses informations utiles ainsi que des conseils d&#039;experts en mati\u00e8re de gravure laser pour la pratique quotidienne. Vous y trouvez des \u00e9tudes de cas passionnantes, des guides [&hellip;]\" \/>\n<meta property=\"og:url\" content=\"https:\/\/www.mobil-mark.de\/fr\/confirmation-dinscription-a-la-newsletter\/\" \/>\n<meta property=\"og:site_name\" content=\"Mobil-Mark\" \/>\n<meta property=\"article:modified_time\" content=\"2022-04-06T07:29:11+00:00\" \/>\n<meta name=\"twitter:card\" content=\"summary_large_image\" \/>\n<meta name=\"twitter:label1\" content=\"Dur\u00e9e de lecture estim\u00e9e\" \/>\n\t<meta name=\"twitter:data1\" content=\"1 minute\" \/>\n<script type=\"application\/ld+json\" class=\"yoast-schema-graph\">{\"@context\":\"https:\\\/\\\/schema.org\",\"@graph\":[{\"@type\":\"WebPage\",\"@id\":\"https:\\\/\\\/www.mobil-mark.de\\\/fr\\\/confirmation-dinscription-a-la-newsletter\\\/\",\"url\":\"https:\\\/\\\/www.mobil-mark.de\\\/fr\\\/confirmation-dinscription-a-la-newsletter\\\/\",\"name\":\"Confirmation d'inscription \u00e0 la newsletter &#8212; Mobil-Mark\",\"isPartOf\":{\"@id\":\"https:\\\/\\\/www.mobil-mark.de\\\/fr\\\/#website\"},\"datePublished\":\"2021-12-09T12:41:30+00:00\",\"dateModified\":\"2022-04-06T07:29:11+00:00\",\"breadcrumb\":{\"@id\":\"https:\\\/\\\/www.mobil-mark.de\\\/fr\\\/confirmation-dinscription-a-la-newsletter\\\/#breadcrumb\"},\"inLanguage\":\"fr-FR\",\"potentialAction\":[{\"@type\":\"ReadAction\",\"target\":[\"https:\\\/\\\/www.mobil-mark.de\\\/fr\\\/confirmation-dinscription-a-la-newsletter\\\/\"]}]},{\"@type\":\"BreadcrumbList\",\"@id\":\"https:\\\/\\\/www.mobil-mark.de\\\/fr\\\/confirmation-dinscription-a-la-newsletter\\\/#breadcrumb\",\"itemListElement\":[{\"@type\":\"ListItem\",\"position\":1,\"name\":\"Startseite\",\"item\":\"https:\\\/\\\/www.mobil-mark.de\\\/fr\\\/\"},{\"@type\":\"ListItem\",\"position\":2,\"name\":\"Confirmation d&#8217;inscription \u00e0 la newsletter\"}]},{\"@type\":\"WebSite\",\"@id\":\"https:\\\/\\\/www.mobil-mark.de\\\/fr\\\/#website\",\"url\":\"https:\\\/\\\/www.mobil-mark.de\\\/fr\\\/\",\"name\":\"Mobil-Mark\",\"description\":\"\",\"publisher\":{\"@id\":\"https:\\\/\\\/www.mobil-mark.de\\\/fr\\\/#organization\"},\"potentialAction\":[{\"@type\":\"SearchAction\",\"target\":{\"@type\":\"EntryPoint\",\"urlTemplate\":\"https:\\\/\\\/www.mobil-mark.de\\\/fr\\\/?s={search_term_string}\"},\"query-input\":{\"@type\":\"PropertyValueSpecification\",\"valueRequired\":true,\"valueName\":\"search_term_string\"}}],\"inLanguage\":\"fr-FR\"},{\"@type\":\"Organization\",\"@id\":\"https:\\\/\\\/www.mobil-mark.de\\\/fr\\\/#organization\",\"name\":\"Mobil-Mark\",\"url\":\"https:\\\/\\\/www.mobil-mark.de\\\/fr\\\/\",\"logo\":{\"@type\":\"ImageObject\",\"inLanguage\":\"fr-FR\",\"@id\":\"https:\\\/\\\/www.mobil-mark.de\\\/fr\\\/#\\\/schema\\\/logo\\\/image\\\/\",\"url\":\"https:\\\/\\\/www.mobil-mark.de\\\/wp-content\\\/uploads\\\/2021\\\/09\\\/cropped-favicon-mobil-mark.png\",\"contentUrl\":\"https:\\\/\\\/www.mobil-mark.de\\\/wp-content\\\/uploads\\\/2021\\\/09\\\/cropped-favicon-mobil-mark.png\",\"width\":512,\"height\":512,\"caption\":\"Mobil-Mark\"},\"image\":{\"@id\":\"https:\\\/\\\/www.mobil-mark.de\\\/fr\\\/#\\\/schema\\\/logo\\\/image\\\/\"}}]}<\/script>\n<!-- \/ Yoast SEO plugin. -->","yoast_head_json":{"title":"Confirmation d'inscription \u00e0 la newsletter &#8212; Mobil-Mark","robots":{"index":"index","follow":"follow","max-snippet":"max-snippet:-1","max-image-preview":"max-image-preview:large","max-video-preview":"max-video-preview:-1"},"canonical":"https:\/\/www.mobil-mark.de\/fr\/confirmation-dinscription-a-la-newsletter\/","og_locale":"fr_FR","og_type":"article","og_title":"Confirmation d'inscription \u00e0 la newsletter &#8212; Mobil-Mark","og_description":"Vous vous \u00eates inscrit avec succ\u00e8s \u00e0 notre newsletter\u00a0!Notre newsletter ne vous donne pas seulement les toutes derni\u00e8res actualit\u00e9s sur nos produits mais elle vous apporte \u00e9galement de nombreuses informations utiles ainsi que des conseils d'experts en mati\u00e8re de gravure laser pour la pratique quotidienne. Vous y trouvez des \u00e9tudes de cas passionnantes, des guides [&hellip;]","og_url":"https:\/\/www.mobil-mark.de\/fr\/confirmation-dinscription-a-la-newsletter\/","og_site_name":"Mobil-Mark","article_modified_time":"2022-04-06T07:29:11+00:00","twitter_card":"summary_large_image","twitter_misc":{"Dur\u00e9e de lecture estim\u00e9e":"1 minute"},"schema":{"@context":"https:\/\/schema.org","@graph":[{"@type":"WebPage","@id":"https:\/\/www.mobil-mark.de\/fr\/confirmation-dinscription-a-la-newsletter\/","url":"https:\/\/www.mobil-mark.de\/fr\/confirmation-dinscription-a-la-newsletter\/","name":"Confirmation d'inscription \u00e0 la newsletter &#8212; Mobil-Mark","isPartOf":{"@id":"https:\/\/www.mobil-mark.de\/fr\/#website"},"datePublished":"2021-12-09T12:41:30+00:00","dateModified":"2022-04-06T07:29:11+00:00","breadcrumb":{"@id":"https:\/\/www.mobil-mark.de\/fr\/confirmation-dinscription-a-la-newsletter\/#breadcrumb"},"inLanguage":"fr-FR","potentialAction":[{"@type":"ReadAction","target":["https:\/\/www.mobil-mark.de\/fr\/confirmation-dinscription-a-la-newsletter\/"]}]},{"@type":"BreadcrumbList","@id":"https:\/\/www.mobil-mark.de\/fr\/confirmation-dinscription-a-la-newsletter\/#breadcrumb","itemListElement":[{"@type":"ListItem","position":1,"name":"Startseite","item":"https:\/\/www.mobil-mark.de\/fr\/"},{"@type":"ListItem","position":2,"name":"Confirmation d&#8217;inscription \u00e0 la newsletter"}]},{"@type":"WebSite","@id":"https:\/\/www.mobil-mark.de\/fr\/#website","url":"https:\/\/www.mobil-mark.de\/fr\/","name":"Mobil-Mark","description":"","publisher":{"@id":"https:\/\/www.mobil-mark.de\/fr\/#organization"},"potentialAction":[{"@type":"SearchAction","target":{"@type":"EntryPoint","urlTemplate":"https:\/\/www.mobil-mark.de\/fr\/?s={search_term_string}"},"query-input":{"@type":"PropertyValueSpecification","valueRequired":true,"valueName":"search_term_string"}}],"inLanguage":"fr-FR"},{"@type":"Organization","@id":"https:\/\/www.mobil-mark.de\/fr\/#organization","name":"Mobil-Mark","url":"https:\/\/www.mobil-mark.de\/fr\/","logo":{"@type":"ImageObject","inLanguage":"fr-FR","@id":"https:\/\/www.mobil-mark.de\/fr\/#\/schema\/logo\/image\/","url":"https:\/\/www.mobil-mark.de\/wp-content\/uploads\/2021\/09\/cropped-favicon-mobil-mark.png","contentUrl":"https:\/\/www.mobil-mark.de\/wp-content\/uploads\/2021\/09\/cropped-favicon-mobil-mark.png","width":512,"height":512,"caption":"Mobil-Mark"},"image":{"@id":"https:\/\/www.mobil-mark.de\/fr\/#\/schema\/logo\/image\/"}}]}},"_links":{"self":[{"href":"https:\/\/www.mobil-mark.de\/fr\/wp-json\/wp\/v2\/pages\/4125","targetHints":{"allow":["GET"]}}],"collection":[{"href":"https:\/\/www.mobil-mark.de\/fr\/wp-json\/wp\/v2\/pages"}],"about":[{"href":"https:\/\/www.mobil-mark.de\/fr\/wp-json\/wp\/v2\/types\/page"}],"author":[{"embeddable":true,"href":"https:\/\/www.mobil-mark.de\/fr\/wp-json\/wp\/v2\/users\/5"}],"replies":[{"embeddable":true,"href":"https:\/\/www.mobil-mark.de\/fr\/wp-json\/wp\/v2\/comments?post=4125"}],"version-history":[{"count":2,"href":"https:\/\/www.mobil-mark.de\/fr\/wp-json\/wp\/v2\/pages\/4125\/revisions"}],"predecessor-version":[{"id":5428,"href":"https:\/\/www.mobil-mark.de\/fr\/wp-json\/wp\/v2\/pages\/4125\/revisions\/5428"}],"wp:attachment":[{"href":"https:\/\/www.mobil-mark.de\/fr\/wp-json\/wp\/v2\/media?parent=4125"}],"curies":[{"name":"wp","href":"https:\/\/api.w.org\/{rel}","templated":true}]}}